{"id":1107,"date":"2019-12-22T22:38:35","date_gmt":"2019-12-22T21:38:35","guid":{"rendered":"https:\/\/goetz-naleppa.de\/?page_id=1107"},"modified":"2026-04-07T17:28:26","modified_gmt":"2026-04-07T15:28:26","slug":"redaktion","status":"publish","type":"page","link":"https:\/\/goetz-naleppa.de\/en\/redaktion\/","title":{"rendered":"Editorial"},"content":{"rendered":"<div class=\"brz-root__container brz-reset-all brz\">\n<section id=\"_xwmmgxexeibfzlenzwogfedovjgsmffcspbz\" class=\"brz-section brz-css-fC1tV\">\n<div class=\"brz-section__content brz-section--boxed brz-css-h0Mz7 brz-css-gH5o6\" data-brz-custom-id=\"mbjdvhpxeqwzjdhttzhxsmalwvhbonzjdzgt\">\n<div class=\"brz-bg\">\n<div class=\"brz-bg-color\"><\/div>\n<\/div>\n<div class=\"brz-container brz-css-uYf0X\">\n<div class=\"brz-row__container brz-css-wmwEx\" data-brz-custom-id=\"qpndldsuxxgxfomqzsfjukktnxjkzzzrlncz\">\n<div class=\"brz-bg\"><\/div>\n<div class=\"brz-row brz-css-rM3Dp brz-css-upLZA\">\n<div class=\"brz-columns brz-css-lHg_d brz-css-m9yZQ\" data-brz-custom-id=\"nyqosctnqscoduhnyoajjgjkihmdfnulwems\">\n<div class=\"brz-bg\"><\/div>\n<div class=\"brz-column__items brz-css-igS1_ brz-css-p5Pb8\">\n<div id=\"\" class=\"brz-css-df5ez brz-wrapper\">\n<div class=\"brz-rich-text brz-rich-text__custom brz-css-yXWZz\" data-brz-custom-id=\"lrqtszgndlxdvtjeeehxzzmdidamsggzuiak\">\n<div data-brz-translate-text=\"1\">\n<p class=\"brz-fw-xs-300 brz-fw-sm-300 brz-text-lg-center brz-tp-heading2 brz-css-iKULS\"><span class=\"brz-cp-color1\">Editorial<\/span><\/p>\n<\/div>\n<\/div>\n<\/div>\n<\/div>\n<\/div>\n<\/div>\n<\/div>\n<\/div>\n<\/div>\n<\/section>\n<section id=\"_uncppttlyqlqhqvcoduradtjxhpoxmuzflkz\" class=\"brz-section brz-css-fC1tV\">\n<div class=\"brz-section__content brz-section--boxed brz-css-h0Mz7 brz-css-b1dz7\" data-brz-custom-id=\"qwhkvaxdwcbftmkqgrhpexcjwqypafowccxk\">\n<div class=\"brz-bg\">\n<div class=\"brz-bg-color\"><\/div>\n<\/div>\n<div class=\"brz-container brz-css-uYf0X\">\n<div class=\"brz-row__container brz-css-wmwEx\" data-brz-custom-id=\"auqopwklzojfgjoyzdiuxlbuvbnsnghwalch\">\n<div class=\"brz-bg\"><\/div>\n<div class=\"brz-row brz-css-rM3Dp brz-css-upLZA\">\n<div class=\"brz-columns brz-css-lHg_d brz-css-oWvvm\" data-brz-custom-id=\"giwbjeymuvvamuvbytmbcmqbrgviegmvaiht\">\n<div class=\"brz-bg\"><\/div>\n<div class=\"brz-column__items brz-css-igS1_ brz-css-rZ5J9\">\n<div id=\"\" class=\"brz-css-df5ez brz-css-qqMcA brz-wrapper\">\n<div class=\"brz-image brz-css-rJydB\" data-brz-custom-id=\"wuqjhgzmxziulcbymcdvgonochjtlurczdjm\"><img decoding=\"async\" class=\"brz-img\" src=\"https:\/\/goetz-naleppa.de\/wp-content\/uploads\/brizy\/imgs\/headerimage_redaktion-1140x79x0x2x1140x75x1605380450.jpg\" alt=\"\" loading=\"lazy\"><\/div>\n<\/div>\n<\/div>\n<\/div>\n<\/div>\n<\/div>\n<\/div>\n<\/div>\n<\/section>\n<section id=\"_kbaopkccgtntzxadyoozmoumhvqfcipwbmts\" class=\"brz-section brz-css-fC1tV\">\n<div class=\"brz-section__content brz-section--boxed brz-css-h0Mz7 brz-css-apW38\" data-brz-custom-id=\"pwfufefzuuntoxrcshpsinswmknbkhaddgje\">\n<div class=\"brz-bg\">\n<div class=\"brz-bg-color\"><\/div>\n<\/div>\n<div class=\"brz-container brz-css-uYf0X\">\n<div class=\"brz-row__container brz-css-wmwEx\" data-brz-custom-id=\"qgfihydueazkhhocwrauftdwbhmkpwbgheio\">\n<div class=\"brz-bg\"><\/div>\n<div class=\"brz-row brz-css-rM3Dp brz-css-upLZA\">\n<div class=\"brz-columns brz-css-lHg_d brz-css-lIfan\" data-brz-custom-id=\"hhyfducafxuzyzicdkxkvdnppdyhuhymyoyz\">\n<div class=\"brz-bg\"><\/div>\n<div class=\"brz-column__items brz-css-igS1_ brz-css-xxdIo\">\n<div id=\"\" class=\"brz-css-df5ez brz-wrapper\">\n<div class=\"brz-image brz-css-m9pXd\" data-brz-custom-id=\"hdjejrmdoclcdqtuuqdpozglbnfgmacbawze\"><img decoding=\"async\" class=\"brz-img\" src=\"https:\/\/goetz-naleppa.de\/wp-content\/uploads\/brizy\/imgs\/00_unerhoertes-371x454x0x0x371x454x1605380450.jpg\" alt=\"\" loading=\"lazy\"><\/div>\n<\/div>\n<\/div>\n<\/div>\n<div class=\"brz-columns brz-css-lHg_d brz-css-xNDmU\" data-brz-custom-id=\"kwvpsluteaokriohbzvkjupgupzuogphmhhb\">\n<div class=\"brz-bg\"><\/div>\n<div class=\"brz-column__items brz-css-igS1_\">\n<div id=\"\" class=\"brz-css-df5ez brz-wrapper\">\n<div class=\"brz-rich-text brz-rich-text__custom brz-css-yXWZz\" data-brz-custom-id=\"xdhvcdktzrwqthrrqrzkrbqyvymhtouakojk\">\n<div data-brz-translate-text=\"1\">\n<p class=\"brz-tp-lg-paragraph brz-css-ik22T\" data-uniq-id=\"gracs\" data-generated-css=\"brz-css-vlymy\"><strong>G\u00f6tz Naleppa<\/strong><\/p>\n<p class=\"brz-tp-lg-paragraph brz-css-enbTB\" data-uniq-id=\"glkuv\" data-generated-css=\"brz-css-pisrv\">founded and was editorially in charge of Deutschlandradio Kultur's weekly programme \"Klangkunst\" for 15 years, a programme for international digital sound art - always in the night from Thursday to Friday from 0.05 am to 1 am:<\/p>\n<p class=\"brz-tp-lg-paragraph brz-css-fNh9R\" data-uniq-id=\"xvyfe\" data-generated-css=\"brz-css-zrcsc\"><a class=\"link--external\" href=\"http:\/\/www.dradio.de\/dkultur\/sendungen\/klangkunst\/\" data-brz-link-type=\"external\">http:\/\/www.dradio.de\/dkultur\/sendungen\/klangkunst\/ <\/a><\/p>\n<p class=\"brz-tp-lg-paragraph brz-css-lxdUm\" data-uniq-id=\"oggnf\" data-generated-css=\"brz-css-udzsn\"><a class=\"\" href=\"https:\/\/goetz-naleppa.de\/wp-content\/uploads\/2020\/08\/Ursendungen-Werkstatt-1995-2008.pdf\" data-brz-link-type=\"upload\">Original broadcasts 1995 - 2008<\/a><\/p>\n<p class=\"brz-tp-lg-paragraph brz-css-ow0yS\" data-uniq-id=\"gdugf\" data-generated-css=\"brz-css-wxjyn\"><\/p>\n<p class=\"brz-tp-lg-paragraph brz-css-xwpKQ\" data-uniq-id=\"rsytn\" data-generated-css=\"brz-css-midkz\">His responsibilities also included the 'Sound of the Month', five-minute sound compositions of everyday noises, music or voices with which the radio drama department's broadcasts end:<\/p>\n<p class=\"brz-tp-lg-paragraph brz-css-fsibb\" data-uniq-id=\"ktyxp\" data-generated-css=\"brz-css-hkiux\"><a class=\"link--external\" href=\"http:\/\/www.dradio.de\/dkultur\/sendungen\/geraeusch\/beitrag\/\" data-brz-link-type=\"external\">http:\/\/www.dradio.de\/dkultur\/sendungen\/geraeusch\/beitrag\/<\/a><\/p>\n<p class=\"brz-tp-lg-paragraph brz-css-qGC79\" data-uniq-id=\"gyzcv\" data-generated-css=\"brz-css-vciom\"><\/p>\n<p class=\"brz-tp-lg-paragraph brz-css-cHSl4\" data-uniq-id=\"gxicn\" data-generated-css=\"brz-css-yzrlu\">and finally the \"Newcomer Workshop\", which presents talented newcomers to the sound art scene with their compositions 4 times a year - always at the end of the quarter of the sound art programme.&nbsp;<\/p>\n<p class=\"brz-tp-lg-paragraph brz-css-abrJb\" data-uniq-id=\"biiob\" data-generated-css=\"brz-css-mdenm\"><\/p>\n<p class=\"brz-tp-lg-paragraph brz-css-j8O23\" data-uniq-id=\"sfqld\" data-generated-css=\"brz-css-lgbyx\"><a class=\"link--external\" href=\"\/faq-klangkunst\/\" data-brz-link-type=\"external\">FAQ Sound Art<\/a>&nbsp;- Frequently asked questions about sound art<\/p>\n<p class=\"brz-tp-lg-paragraph brz-css-uXZRp\" data-uniq-id=\"xydpw\" data-generated-css=\"brz-css-rftrq\">See also <a class=\"link--external\" href=\"https:\/\/youtu.be\/VDTgBzqr_D8\" data-brz-link-type=\"external\">Introductory film<\/a> to the virtual online museum \"sonosphere.org<\/p>\n<p class=\"brz-tp-lg-paragraph brz-css-n3UeG\" data-uniq-id=\"xeiwq\" data-generated-css=\"brz-css-fslse\"><\/p>\n<p class=\"brz-tp-lg-paragraph brz-css-hZ1qx\" data-uniq-id=\"ldryz\" data-generated-css=\"brz-css-oblqx\">G\u00f6tz Naleppa left Deutschlandradio on 31.12.08 and has since worked as a freelance director, media artist and translator.<\/p>\n<\/div>\n<\/div>\n<\/div>\n<\/div>\n<\/div>\n<\/div>\n<\/div>\n<div id=\"\" class=\"brz-css-df5ez brz-wrapper\">\n<div class=\"brz-line brz-line-default brz-css-efY7X\" data-brz-custom-id=\"qcebqizkohsvxnsnjjlrnhldmyhkhpegqesb\">\n<hr class=\"brz-hr\"><\/div>\n<\/div>\n<\/div>\n<\/div>\n<\/section>\n<\/div>\n<p>    <!-- version:1736098715 --><\/p>","protected":false},"excerpt":{"rendered":"<p>Redaktion G\u00f6tz Naleppa gr\u00fcndete und betreute redaktionell 15 Jahre lang die w\u00f6chentlichen Sendung \u201eKlangkunst\u201c von [&hellip;]<\/p>\n","protected":false},"author":1,"featured_media":0,"parent":0,"menu_order":0,"comment_status":"closed","ping_status":"closed","template":"brizy-blank-template.php","meta":{"ngg_post_thumbnail":0,"footnotes":""},"class_list":["post-1107","page","type-page","status-publish","hentry"],"yoast_head":"<!-- This site is optimized with the Yoast SEO plugin v27.3 - https:\/\/yoast.com\/product\/yoast-seo-wordpress\/ -->\n<title>Redaktion - G\u00f6tz Naleppa<\/title>\n<meta name=\"description\" content=\"G\u00f6tz Naleppa gr\u00fcndete und betreute redaktionell 15 Jahre lang die w\u00f6chentlichen Sendung \u201eKlangkunst\u201c von Deutschlandradio Kultur, eine Sendung f\u00fcr internationale digitale Klangkunst.\" \/>\n<meta name=\"robots\" content=\"index, follow, max-snippet:-1, max-image-preview:large, max-video-preview:-1\" \/>\n<link rel=\"canonical\" href=\"https:\/\/goetz-naleppa.de\/en\/redaktion\/\" \/>\n<meta property=\"og:locale\" content=\"en_GB\" \/>\n<meta property=\"og:type\" content=\"article\" \/>\n<meta property=\"og:title\" content=\"Redaktion - G\u00f6tz Naleppa\" \/>\n<meta property=\"og:description\" content=\"G\u00f6tz Naleppa gr\u00fcndete und betreute redaktionell 15 Jahre lang die w\u00f6chentlichen Sendung \u201eKlangkunst\u201c von Deutschlandradio Kultur, eine Sendung f\u00fcr internationale digitale Klangkunst.\" \/>\n<meta property=\"og:url\" content=\"https:\/\/goetz-naleppa.de\/en\/redaktion\/\" \/>\n<meta property=\"og:site_name\" content=\"G\u00f6tz Naleppa\" \/>\n<meta property=\"article:modified_time\" content=\"2026-04-07T15:28:26+00:00\" \/>\n<meta property=\"og:image\" content=\"https:\/\/goetz-naleppa.de\/wp-content\/uploads\/brizy\/imgs\/headerimage_redaktion-1140x79x0x2x1140x75x1605380450.jpg\" \/>\n<meta name=\"twitter:card\" content=\"summary_large_image\" \/>\n<meta name=\"twitter:label1\" content=\"Estimated reading time\" \/>\n\t<meta name=\"twitter:data1\" content=\"1 minute\" \/>\n<script type=\"application\/ld+json\" class=\"yoast-schema-graph\">{\"@context\":\"https:\\\/\\\/schema.org\",\"@graph\":[{\"@type\":\"WebPage\",\"@id\":\"https:\\\/\\\/goetz-naleppa.de\\\/en\\\/redaktion\\\/\",\"url\":\"https:\\\/\\\/goetz-naleppa.de\\\/en\\\/redaktion\\\/\",\"name\":\"Redaktion - G\u00f6tz Naleppa\",\"isPartOf\":{\"@id\":\"https:\\\/\\\/goetz-naleppa.de\\\/#website\"},\"primaryImageOfPage\":{\"@id\":\"https:\\\/\\\/goetz-naleppa.de\\\/en\\\/redaktion\\\/#primaryimage\"},\"image\":{\"@id\":\"https:\\\/\\\/goetz-naleppa.de\\\/en\\\/redaktion\\\/#primaryimage\"},\"thumbnailUrl\":\"https:\\\/\\\/goetz-naleppa.de\\\/wp-content\\\/uploads\\\/brizy\\\/imgs\\\/headerimage_redaktion-1140x79x0x2x1140x75x1605380450.jpg\",\"datePublished\":\"2019-12-22T21:38:35+00:00\",\"dateModified\":\"2026-04-07T15:28:26+00:00\",\"description\":\"G\u00f6tz Naleppa gr\u00fcndete und betreute redaktionell 15 Jahre lang die w\u00f6chentlichen Sendung \u201eKlangkunst\u201c von Deutschlandradio Kultur, eine Sendung f\u00fcr internationale digitale Klangkunst.\",\"inLanguage\":\"en-GB\",\"potentialAction\":[{\"@type\":\"ReadAction\",\"target\":[\"https:\\\/\\\/goetz-naleppa.de\\\/en\\\/redaktion\\\/\"]}]},{\"@type\":\"ImageObject\",\"inLanguage\":\"en-GB\",\"@id\":\"https:\\\/\\\/goetz-naleppa.de\\\/en\\\/redaktion\\\/#primaryimage\",\"url\":\"https:\\\/\\\/goetz-naleppa.de\\\/wp-content\\\/uploads\\\/brizy\\\/imgs\\\/headerimage_redaktion-1140x79x0x2x1140x75x1605380450.jpg\",\"contentUrl\":\"https:\\\/\\\/goetz-naleppa.de\\\/wp-content\\\/uploads\\\/brizy\\\/imgs\\\/headerimage_redaktion-1140x79x0x2x1140x75x1605380450.jpg\"},{\"@type\":\"WebSite\",\"@id\":\"https:\\\/\\\/goetz-naleppa.de\\\/#website\",\"url\":\"https:\\\/\\\/goetz-naleppa.de\\\/\",\"name\":\"G\u00f6tz Naleppa\",\"description\":\"Regisseur und Klangkomponist\",\"potentialAction\":[{\"@type\":\"SearchAction\",\"target\":{\"@type\":\"EntryPoint\",\"urlTemplate\":\"https:\\\/\\\/goetz-naleppa.de\\\/?s={search_term_string}\"},\"query-input\":{\"@type\":\"PropertyValueSpecification\",\"valueRequired\":true,\"valueName\":\"search_term_string\"}}],\"inLanguage\":\"en-GB\"}]}<\/script>\n<!-- \/ Yoast SEO plugin. -->","yoast_head_json":{"title":"Editorial office - G\u00f6tz Naleppa","description":"For 15 years, G\u00f6tz Naleppa founded and edited Deutschlandradio Kultur's weekly programme \u201eKlangkunst\u201c, a programme for international digital sound art.","robots":{"index":"index","follow":"follow","max-snippet":"max-snippet:-1","max-image-preview":"max-image-preview:large","max-video-preview":"max-video-preview:-1"},"canonical":"https:\/\/goetz-naleppa.de\/en\/redaktion\/","og_locale":"en_GB","og_type":"article","og_title":"Redaktion - G\u00f6tz Naleppa","og_description":"G\u00f6tz Naleppa gr\u00fcndete und betreute redaktionell 15 Jahre lang die w\u00f6chentlichen Sendung \u201eKlangkunst\u201c von Deutschlandradio Kultur, eine Sendung f\u00fcr internationale digitale Klangkunst.","og_url":"https:\/\/goetz-naleppa.de\/en\/redaktion\/","og_site_name":"G\u00f6tz Naleppa","article_modified_time":"2026-04-07T15:28:26+00:00","og_image":[{"url":"https:\/\/goetz-naleppa.de\/wp-content\/uploads\/brizy\/imgs\/headerimage_redaktion-1140x79x0x2x1140x75x1605380450.jpg","type":"","width":"","height":""}],"twitter_card":"summary_large_image","twitter_misc":{"Estimated reading time":"1 minute"},"schema":{"@context":"https:\/\/schema.org","@graph":[{"@type":"WebPage","@id":"https:\/\/goetz-naleppa.de\/en\/redaktion\/","url":"https:\/\/goetz-naleppa.de\/en\/redaktion\/","name":"Editorial office - G\u00f6tz Naleppa","isPartOf":{"@id":"https:\/\/goetz-naleppa.de\/#website"},"primaryImageOfPage":{"@id":"https:\/\/goetz-naleppa.de\/en\/redaktion\/#primaryimage"},"image":{"@id":"https:\/\/goetz-naleppa.de\/en\/redaktion\/#primaryimage"},"thumbnailUrl":"https:\/\/goetz-naleppa.de\/wp-content\/uploads\/brizy\/imgs\/headerimage_redaktion-1140x79x0x2x1140x75x1605380450.jpg","datePublished":"2019-12-22T21:38:35+00:00","dateModified":"2026-04-07T15:28:26+00:00","description":"For 15 years, G\u00f6tz Naleppa founded and edited Deutschlandradio Kultur's weekly programme \u201eKlangkunst\u201c, a programme for international digital sound art.","inLanguage":"en-GB","potentialAction":[{"@type":"ReadAction","target":["https:\/\/goetz-naleppa.de\/en\/redaktion\/"]}]},{"@type":"ImageObject","inLanguage":"en-GB","@id":"https:\/\/goetz-naleppa.de\/en\/redaktion\/#primaryimage","url":"https:\/\/goetz-naleppa.de\/wp-content\/uploads\/brizy\/imgs\/headerimage_redaktion-1140x79x0x2x1140x75x1605380450.jpg","contentUrl":"https:\/\/goetz-naleppa.de\/wp-content\/uploads\/brizy\/imgs\/headerimage_redaktion-1140x79x0x2x1140x75x1605380450.jpg"},{"@type":"WebSite","@id":"https:\/\/goetz-naleppa.de\/#website","url":"https:\/\/goetz-naleppa.de\/","name":"G\u00f6tz Naleppa","description":"Director and sound composer","potentialAction":[{"@type":"SearchAction","target":{"@type":"EntryPoint","urlTemplate":"https:\/\/goetz-naleppa.de\/?s={search_term_string}"},"query-input":{"@type":"PropertyValueSpecification","valueRequired":true,"valueName":"search_term_string"}}],"inLanguage":"en-GB"}]}},"brizy_media":[{"id":432,"url":"https:\/\/goetz-naleppa.de\/wp-content\/uploads\/2019\/12\/naleppa_top.gif","name":"naleppa_top.gif","meta":{"brizy_attachment_uid":"wp-55b102fd4e91c9c40f5b6814c417979c","brizy_post_uid":["7a2c544660845edafb9621efaacee799"]}},{"id":491,"url":"https:\/\/goetz-naleppa.de\/wp-content\/uploads\/2019\/12\/headerimage_kontakt.jpg","name":"headerimage_kontakt.jpg","meta":{"brizy_attachment_uid":"wp-1a1fcd3db8aa2b23b0cff851ca6e86bd","brizy_post_uid":["7a2c544660845edafb9621efaacee799","abdaaad3356f48c2a6fe8d209d20da32"]}},{"id":544,"url":"https:\/\/goetz-naleppa.de\/wp-content\/uploads\/2019\/12\/headerimage_vita.jpg","name":"headerimage_vita.jpg","meta":{"brizy_attachment_uid":"wp-30b266b96eb9baae9783428b51137cb3","brizy_post_uid":["7a2c544660845edafb9621efaacee799","0b4f6dab5594b2923196dd032fb0f6a6","c8ef23e9aaaa292d3e71694afde9a782","915ddc0bf5c07190f0e6820680746522"]}},{"id":578,"url":"https:\/\/goetz-naleppa.de\/wp-content\/uploads\/2019\/12\/headerimage_uebersetzung.jpg","name":"headerimage_translation.jpg","meta":{"brizy_attachment_uid":"wp-3dc16fbfe78a9e733c245926b39933d9","brizy_post_uid":["7a2c544660845edafb9621efaacee799","05f397ed59ea3be42d13ba82a0af765e","abdaaad3356f48c2a6fe8d209d20da32"]}},{"id":1041,"url":"https:\/\/goetz-naleppa.de\/wp-content\/uploads\/2019\/12\/headerimage_komposition.jpg","name":"headerimage_composition.jpg","meta":{"brizy_attachment_uid":"wp-36e10bf3f0feef5cc9e9100d9e0e6605","brizy_post_uid":["7a2c544660845edafb9621efaacee799","90c52be33dad099d83c526d607b3d934","afe4b98a534aab1c33ee1c489420507a"]}},{"id":1112,"url":"https:\/\/goetz-naleppa.de\/wp-content\/uploads\/2019\/12\/headerimage_redaktion.jpg","name":"headerimage_editorial.jpg","meta":{"brizy_attachment_uid":"wp-478cddbe489f4055f4566f8a39de1f72","brizy_post_uid":["7a2c544660845edafb9621efaacee799","cd19c827c2ac03d3f87a8d6928c4541a","abdaaad3356f48c2a6fe8d209d20da32"]}},{"id":1129,"url":"https:\/\/goetz-naleppa.de\/wp-content\/uploads\/2019\/12\/00_unerhoertes.jpg","name":"00_unerhoertes.jpg","meta":{"brizy_attachment_uid":"wp-a26a1819440245eef231c3b057671677","brizy_post_uid":["7a2c544660845edafb9621efaacee799"]}},{"id":1174,"url":"https:\/\/goetz-naleppa.de\/wp-content\/uploads\/2019\/12\/headerimage_aktuell.gif","name":"headerimage_actual.gif","meta":{"brizy_attachment_uid":"wp-9ecba0a4d82a7222906fb9d29ee1b9d5","brizy_post_uid":["7a2c544660845edafb9621efaacee799","abdaaad3356f48c2a6fe8d209d20da32"]}},{"id":1281,"url":"https:\/\/goetz-naleppa.de\/wp-content\/uploads\/2019\/12\/headerimage_regie.jpg","name":"headerimage_direction.jpg","meta":{"brizy_attachment_uid":"wp-9acabe56fca8338aac2296e1b0ed6e46","brizy_post_uid":["7a2c544660845edafb9621efaacee799","271d058b49f54a2cc6156be30c863a29","14a0218e38e22d6f8369c7fd5e7b3fab"]}},{"id":10001,"url":"https:\/\/goetz-naleppa.de\/wp-content\/uploads\/2020\/01\/Naleppa2a-scaled.jpg","name":"Naleppa2a.jpg","meta":{"brizy_attachment_uid":"wp-40a006e45a8145ac0bd2979bbf323d22","brizy_post_uid":["271d058b49f54a2cc6156be30c863a29","7a2c544660845edafb9621efaacee799"]}},{"id":10038,"url":"https:\/\/goetz-naleppa.de\/wp-content\/uploads\/2020\/01\/006_2002_Naleppa.jpg","name":"006_2002_Naleppa.jpg","meta":{"brizy_attachment_uid":"wp-1e3b2c87bd9f00d6121f64b27b0ff8ef","brizy_post_uid":["7a2c544660845edafb9621efaacee799"]}},{"id":10147,"url":"https:\/\/goetz-naleppa.de\/wp-content\/uploads\/2020\/01\/2010_1_Hans_Naleppa.jpg","name":"2010_1_Hans_Naleppa.jpg","meta":{"brizy_attachment_uid":"wp-e90348abb6c74c3943c2bccacf729ba1","brizy_post_uid":["7a2c544660845edafb9621efaacee799"]}},{"id":11045,"url":"https:\/\/goetz-naleppa.de\/wp-content\/uploads\/2020\/01\/Family-tree_eng.png","name":"Family-tree_eng.png","meta":{"brizy_attachment_uid":"wp-ad793eed1da42d0b253af81d1b72ceef","brizy_post_uid":["7a2c544660845edafb9621efaacee799"]}},{"id":11046,"url":"https:\/\/goetz-naleppa.de\/wp-content\/uploads\/2020\/01\/Genealogie_dt.png","name":"Genealogy_dt.png","meta":{"brizy_attachment_uid":"wp-e604b25102f9258c93e885ff028a24f1","brizy_post_uid":["7a2c544660845edafb9621efaacee799"]}},{"id":11047,"url":"https:\/\/goetz-naleppa.de\/wp-content\/uploads\/2020\/01\/Robinsonate.jpg","name":"Robinsonate.jpg","meta":{"brizy_attachment_uid":"wp-a7537348e7d5a0b9790f7fc47ebf8abb","brizy_post_uid":["7a2c544660845edafb9621efaacee799"]}},{"id":11063,"url":"https:\/\/goetz-naleppa.de\/wp-content\/uploads\/2020\/01\/Darkbirds2a.jpg","name":"Darkbirds2a.jpg","meta":{"brizy_attachment_uid":"wp-888632f35fa1404fac3dd4b5c6987028","brizy_post_uid":["7a2c544660845edafb9621efaacee799"]}},{"id":11739,"url":"https:\/\/goetz-naleppa.de\/wp-content\/uploads\/2020\/01\/Heilbronner-Stimme-3.12.12.png","name":"Heilbronner-Stimme-3.12.12.png","meta":{"brizy_attachment_uid":"wp-a8b9f194e30bd029a63d2b99dbcdd46d","brizy_post_uid":["7a2c544660845edafb9621efaacee799"]}},{"id":11745,"url":"https:\/\/goetz-naleppa.de\/wp-content\/uploads\/2020\/01\/Kritik-Blutstein.png","name":"Criticism-Bloodstone.png","meta":{"brizy_attachment_uid":"wp-73495c92987c119024ffd16ff7c3efdf","brizy_post_uid":["7a2c544660845edafb9621efaacee799"]}},{"id":11766,"url":"https:\/\/goetz-naleppa.de\/wp-content\/uploads\/2020\/01\/Kritik_Oeland.jpg","name":"Criticism_Oeland.jpg","meta":{"brizy_attachment_uid":"wp-5a563eddc21443e7f6b41fca6dccb521","brizy_post_uid":["7a2c544660845edafb9621efaacee799"]}},{"id":11776,"url":"https:\/\/goetz-naleppa.de\/wp-content\/uploads\/2020\/01\/hannoversche.jpg","name":"hannoversche.jpg","meta":{"brizy_attachment_uid":"wp-aee11cc29fe306eb88a0420ca83888c9","brizy_post_uid":["7a2c544660845edafb9621efaacee799"]}},{"id":11777,"url":"https:\/\/goetz-naleppa.de\/wp-content\/uploads\/2020\/01\/saechsische.jpg","name":"saechsische.jpg","meta":{"brizy_attachment_uid":"wp-6accbb9ee52417efc75cfe5643c5e29a","brizy_post_uid":["7a2c544660845edafb9621efaacee799"]}},{"id":17735,"url":"https:\/\/goetz-naleppa.de\/wp-content\/uploads\/2020\/02\/Prino-Tal-von-Villa-Talla-scaled.jpg","name":"Prino-Valley-of-Villa-Talla.jpg","meta":{"brizy_attachment_uid":"wp-29e41c08b57202f913091b2681601cab.jpg","brizy_post_uid":["7a2c544660845edafb9621efaacee799"]}},{"id":37613,"url":"https:\/\/goetz-naleppa.de\/wp-content\/uploads\/2020\/11\/naleppa_only.png","name":"naleppa_only.png","meta":{"brizy_attachment_uid":"wp-c66726cce48d0ca0d878525e8ee976ba.png","brizy_post_uid":["7a2c544660845edafb9621efaacee799"]}},{"id":45506,"url":"https:\/\/goetz-naleppa.de\/wp-content\/uploads\/2022\/02\/IMG_3291c-scaled.jpg","name":"IMG_3291c.jpg","meta":{"brizy_attachment_uid":"wp-9d24301c77b1a5843ed073c951372e1e.jpg","brizy_post_uid":["7a2c544660845edafb9621efaacee799"]}},{"id":45660,"url":"https:\/\/goetz-naleppa.de\/wp-content\/uploads\/2022\/02\/Naleppa_Pass_DxO-scaled.jpg","name":"Naleppa_Pass_DxO.jpg","meta":{"brizy_attachment_uid":"wp-9127d1e08f2061a10c92f73846708184.jpg","brizy_post_uid":["wp-9127d1e08f2061a10c92f73846708184.jpg","7a2c544660845edafb9621efaacee799"]}},{"id":47253,"url":"https:\/\/goetz-naleppa.de\/wp-content\/uploads\/2023\/10\/Naleppa_Olivo.jpg","name":"Naleppa_Olivo.jpg","meta":{"brizy_attachment_uid":"wp-fc11f53e1865f8156f397198baa86553.jpg","brizy_post_uid":["7a2c544660845edafb9621efaacee799"]}}],"_links":{"self":[{"href":"https:\/\/goetz-naleppa.de\/en\/wp-json\/wp\/v2\/pages\/1107","targetHints":{"allow":["GET"]}}],"collection":[{"href":"https:\/\/goetz-naleppa.de\/en\/wp-json\/wp\/v2\/pages"}],"about":[{"href":"https:\/\/goetz-naleppa.de\/en\/wp-json\/wp\/v2\/types\/page"}],"author":[{"embeddable":true,"href":"https:\/\/goetz-naleppa.de\/en\/wp-json\/wp\/v2\/users\/1"}],"replies":[{"embeddable":true,"href":"https:\/\/goetz-naleppa.de\/en\/wp-json\/wp\/v2\/comments?post=1107"}],"version-history":[{"count":1,"href":"https:\/\/goetz-naleppa.de\/en\/wp-json\/wp\/v2\/pages\/1107\/revisions"}],"predecessor-version":[{"id":44361,"href":"https:\/\/goetz-naleppa.de\/en\/wp-json\/wp\/v2\/pages\/1107\/revisions\/44361"}],"wp:attachment":[{"href":"https:\/\/goetz-naleppa.de\/en\/wp-json\/wp\/v2\/media?parent=1107"}],"curies":[{"name":"wp","href":"https:\/\/api.w.org\/{rel}","templated":true}]}}