{"id":1165,"date":"2019-12-24T20:22:03","date_gmt":"2019-12-24T19:22:03","guid":{"rendered":"https:\/\/goetz-naleppa.de\/?page_id=1165"},"modified":"2026-04-07T16:39:01","modified_gmt":"2026-04-07T14:39:01","slug":"aktuell","status":"publish","type":"page","link":"https:\/\/goetz-naleppa.de\/en\/aktuell\/","title":{"rendered":"News"},"content":{"rendered":"<div class=\"brz-root__container brz-reset-all brz\">\n<section id=\"_xwmmgxexeibfzlenzwogfedovjgsmffcspbz\" class=\"brz-section brz-css-vf4qs\">\n<div class=\"brz-section__content brz-section--boxed brz-css-bNjoI brz-css-teO6g\" data-brz-custom-id=\"mbjdvhpxeqwzjdhttzhxsmalwvhbonzjdzgt\">\n<div class=\"brz-bg\">\n<div class=\"brz-bg-color\"><\/div>\n<\/div>\n<div class=\"brz-container brz-css-az5ox\">\n<div class=\"brz-row__container brz-css-xfAUA\" data-brz-custom-id=\"qpndldsuxxgxfomqzsfjukktnxjkzzzrlncz\">\n<div class=\"brz-bg\"><\/div>\n<div class=\"brz-row brz-css-qzQb5 brz-css-vfBOj\">\n<div class=\"brz-columns brz-css-tWdHp brz-css-jfZaw\" data-brz-custom-id=\"nyqosctnqscoduhnyoajjgjkihmdfnulwems\">\n<div class=\"brz-bg\"><\/div>\n<div class=\"brz-column__items brz-css-qbRvH brz-css-oZYPE\">\n<div id=\"\" class=\"brz-css-aW0Hr brz-wrapper\">\n<div class=\"brz-rich-text brz-rich-text__custom brz-css-snhft\" data-brz-custom-id=\"lrqtszgndlxdvtjeeehxzzmdidamsggzuiak\">\n<div data-brz-translate-text=\"1\">\n<p class=\"brz-tp-heading2 brz-text-lg-center brz-fw-sm-300 brz-fw-xs-300 brz-css-kGbSr\"><span class=\"brz-cp-color1\">News<\/span><\/p>\n<\/div>\n<\/div>\n<\/div>\n<\/div>\n<\/div>\n<\/div>\n<\/div>\n<\/div>\n<\/div>\n<\/section>\n<section id=\"_uncppttlyqlqhqvcoduradtjxhpoxmuzflkz\" class=\"brz-section brz-css-vf4qs\">\n<div class=\"brz-section__content brz-section--boxed brz-css-bNjoI brz-css-cGbhP\" data-brz-custom-id=\"qwhkvaxdwcbftmkqgrhpexcjwqypafowccxk\">\n<div class=\"brz-bg\">\n<div class=\"brz-bg-color\"><\/div>\n<\/div>\n<div class=\"brz-container brz-css-az5ox brz-css-e8HkK\">\n<div class=\"brz-row__container brz-css-xfAUA\" data-brz-custom-id=\"auqopwklzojfgjoyzdiuxlbuvbnsnghwalch\">\n<div class=\"brz-bg\"><\/div>\n<div class=\"brz-row brz-css-qzQb5 brz-css-vfBOj\">\n<div class=\"brz-columns brz-css-tWdHp brz-css-hrEpG\" data-brz-custom-id=\"giwbjeymuvvamuvbytmbcmqbrgviegmvaiht\">\n<div class=\"brz-bg\"><\/div>\n<div class=\"brz-column__items brz-css-qbRvH brz-css-m9LOA\">\n<div id=\"\" class=\"brz-css-aW0Hr brz-css-rlVXF brz-wrapper\">\n<div class=\"brz-image brz-css-pyqCJ\" data-brz-custom-id=\"wuqjhgzmxziulcbymcdvgonochjtlurczdjm\"><img decoding=\"async\" class=\"brz-img\" src=\"https:\/\/goetz-naleppa.de\/?brizy_media=wp-9ecba0a4d82a7222906fb9d29ee1b9d5&amp;brizy_crop=iW%3D1023%26iH%3D71%26oX%3D0%26oY%3D2%26cW%3D1023%26cH%3D67\" alt=\"\" loading=\"lazy\"><\/div>\n<\/div>\n<\/div>\n<\/div>\n<\/div>\n<\/div>\n<\/div>\n<\/div>\n<\/section>\n<section id=\"_pseeakrighqdrtmvbaqjlcatikfgvosjoppo\" class=\"brz-section brz-css-vf4qs brz-css-d0GDp\">\n<div class=\"brz-section__content brz-section--boxed brz-css-bNjoI brz-css-bE3Rx\" data-brz-custom-id=\"vefcndfswozdayxfgjkeawkazlwjfntuhbtt\">\n<div class=\"brz-bg\">\n<div class=\"brz-bg-color\"><\/div>\n<\/div>\n<div class=\"brz-container brz-css-az5ox brz-css-cUIch\">\n<div class=\"brz-row__container brz-css-xfAUA\" data-brz-custom-id=\"xygvdrzraubvtcukoyegauquirijhvjcgtjw\">\n<div class=\"brz-bg\"><\/div>\n<div class=\"brz-row brz-css-qzQb5 brz-css-vfBOj\">\n<div class=\"brz-columns brz-css-tWdHp brz-css-eDGo1\" data-brz-custom-id=\"cndvnrvzqvciwrytsstyjdrgdjdnhztedsdo\">\n<div class=\"brz-bg\"><\/div>\n<div class=\"brz-column__items brz-css-qbRvH brz-css-cL6hp\">\n<div id=\"\" class=\"brz-css-aW0Hr brz-css-z1N3q brz-wrapper\">\n<div class=\"brz-posts brz-css-zwjbG brz-css-o909H\" data-brz-custom-id=\"fyznidblacqswxhrpoxhnmhnmactokiajbuw\">\n<div class=\"brz-posts__wrapper\">\n<div class=\"brz-posts__item\">\n<div class=\"brz-columns brz-css-tWdHp brz-css-aoGWT\" data-brz-custom-id=\"qntwigreadgkpnjyewfoglihxpyepfcbiclg\">\n<div class=\"brz-bg\"><\/div>\n<div class=\"brz-column__items brz-css-qbRvH\">\n<div id=\"\" class=\"brz-css-aW0Hr brz-css-pszJW brz-wrapper\">\n<div class=\"brz-rich-text brz-rich-text__custom brz-css-snhft\" data-brz-custom-id=\"ucdrcnjlmisedfnbjosrmiykscusnjidthfv\">\n<div data-brz-translate-text=\"1\">\n<h4 class=\"brz-fw-sm-300 brz-fw-xs-300 brz-bcp-color2 brz-tp-heading4 brz-text-lg-left brz-css-pyPUu\"><span class=\"brz-cp-color2\"><span class=\"text-population\"><\/span> <\/span><\/h4>\n<\/div>\n<\/div>\n<\/div>\n<div id=\"\" class=\"brz-css-aW0Hr brz-css-iQmKT brz-wrapper\">\n<div class=\"brz-rich-text brz-rich-text__custom brz-css-snhft\" data-brz-custom-id=\"rlalopzevztsvdxmqkdyhhxcyswfznkqxnzc\">\n<div data-brz-translate-text=\"1\">\n<p class=\"brz-text-xs-left brz-tp-paragraph brz-text-lg-left brz-css-rqRIY\"><span class=\"brz-cp-color7\"><span class=\"text-population\"><\/span> <\/span><\/p>\n<\/div>\n<\/div>\n<\/div>\n<div class=\"brz-wrapper-clone brz-css-eeOfn brz-css-lLGrT\">\n<div class=\"brz-d-xs-flex brz-flex-xs-wrap brz-css-ct15O brz-css-dSTNi\" data-brz-custom-id=\"\">\n<div class=\"brz-wrapper-clone__item\" id=\"uzdgdrtbaxlwmgbotqqubtlrwdjkvigtsefd\"><a class=\"brz-a brz-btn brz-css-gKUzN brz-css-pXgRI brz-css-o2F4B brz-css-juqDF brz-css-dAcvK\" href=\"\" target=\"_self\" rel=\"noopener\" data-brz-link-type=\"external\" data-brz-custom-id=\"uzdgdrtbaxlwmgbotqqubtlrwdjkvigtsefd\"><span data-brz-translate-text=\"1\" class=\"brz-span brz-text__editor\">Read more<\/span><\/a><\/div>\n<\/div>\n<\/div>\n<div id=\"\" class=\"brz-css-aW0Hr brz-css-ha_Wn brz-wrapper\">\n<div class=\"brz-line brz-line-default brz-css-syKIQ brz-css-chxa2\" data-brz-custom-id=\"oiqsbnwyehwwotfweizetviiqksqqnqqjmuc\">\n<hr class=\"brz-hr\"><\/div>\n<\/div>\n<\/div>\n<\/div>\n<\/div>\n<\/div>\n<\/div>\n<\/div>\n<\/div>\n<\/div>\n<div class=\"brz-columns brz-css-tWdHp brz-css-kTpkQ\" data-brz-custom-id=\"bbeorzytgnkwiwnuydflkuvfkjusvoyrmzjo\">\n<div class=\"brz-bg\"><\/div>\n<div class=\"brz-column__items brz-css-qbRvH brz-css-xRa__\">\n<div class=\"brz-row__container brz-css-xfAUA\" data-brz-custom-id=\"fcqbyulsakysxbicgpwwxaableswdykneuqg\">\n<div class=\"brz-bg\"><\/div>\n<div class=\"brz-row brz-row--inner brz-css-qzQb5\">\n<div class=\"brz-columns brz-css-tWdHp brz-css-s6ZA5\" data-brz-custom-id=\"jggxrkpnynzbfwqyspcyypcdzjkjebczzkey\">\n<div class=\"brz-bg\"><\/div>\n<div class=\"brz-column__items brz-css-qbRvH brz-css-rBiuJ\">\n<div id=\"\" class=\"brz-css-aW0Hr brz-wrapper\">\n<div class=\"brz-image brz-css-m1Nr0\" data-brz-custom-id=\"iqnhifvifcxdsdpoidmgaitypnhpdzzwfrxa\"><img decoding=\"async\" class=\"brz-img\" src=\"https:\/\/goetz-naleppa.de\/wp-content\/uploads\/brizy\/imgs\/Naleppa_Olivo-361x408x0x6x361x396x1698756162.jpg\" alt=\"\" loading=\"lazy\"><\/div>\n<\/div>\n<\/div>\n<\/div>\n<\/div>\n<\/div>\n<div class=\"brz-row__container brz-css-xfAUA\" data-brz-custom-id=\"mtcysyanuncountmhdeanyocesgzahnuycnl\">\n<div class=\"brz-bg\"><\/div>\n<div class=\"brz-row brz-row--inner brz-css-qzQb5\">\n<div class=\"brz-columns brz-css-tWdHp brz-css-rsQh7\" data-brz-custom-id=\"dvzgjcgnrlcnfabuiiavhhwqfpqozjntuoks\">\n<div class=\"brz-bg\"><\/div>\n<div class=\"brz-column__items brz-css-qbRvH brz-css-vaodK\">\n<div id=\"\" class=\"brz-css-aW0Hr brz-css-yuWVW brz-wrapper\">\n<div class=\"brz-wp__sidebar brz-css-lOp9E\" data-brz-custom-id=\"sespcqgrvdvvbddshpkwfwqomxqudznzxeim\">\n<div style=\"min-height:20px\"><\/div>\n<\/div>\n<\/div>\n<\/div>\n<\/div>\n<\/div>\n<\/div>\n<\/div>\n<\/div>\n<\/div>\n<\/div>\n<div id=\"\" class=\"brz-css-aW0Hr brz-wrapper\">\n<div class=\"brz-line brz-line-default brz-css-syKIQ\" data-brz-custom-id=\"hxngerczoqvmpojnwskrctcfjrdrqdedxleb\">\n<hr class=\"brz-hr\"><\/div>\n<\/div>\n<\/div>\n<\/div>\n<\/section>\n<\/div>\n<p>    <!-- version:1736079950 --><\/p>","protected":false},"excerpt":{"rendered":"<p>Currently Read more<\/p>","protected":false},"author":1,"featured_media":0,"parent":0,"menu_order":0,"comment_status":"closed","ping_status":"closed","template":"brizy-blank-template.php","meta":{"ngg_post_thumbnail":0,"footnotes":""},"class_list":["post-1165","page","type-page","status-publish","hentry"],"yoast_head":"<!-- This site is optimized with the Yoast SEO plugin v27.3 - https:\/\/yoast.com\/product\/yoast-seo-wordpress\/ -->\n<title>Aktuell - G\u00f6tz Naleppa<\/title>\n<meta name=\"description\" content=\"Aktuelle Nachrichten \u00fcber Sendungen von G\u00f6tz Naleppa: H\u00f6rspielpremieren, Wiederholungen, neue Produktionen von Klangkunst, Ver\u00f6ffentlichungen und Auszeichnungen.\" \/>\n<meta name=\"robots\" content=\"index, follow, max-snippet:-1, max-image-preview:large, max-video-preview:-1\" \/>\n<link rel=\"canonical\" href=\"https:\/\/goetz-naleppa.de\/en\/aktuell\/\" \/>\n<meta property=\"og:locale\" content=\"en_GB\" \/>\n<meta property=\"og:type\" content=\"article\" \/>\n<meta property=\"og:title\" content=\"Aktuell - G\u00f6tz Naleppa\" \/>\n<meta property=\"og:description\" content=\"Aktuelle Nachrichten \u00fcber Sendungen von G\u00f6tz Naleppa: H\u00f6rspielpremieren, Wiederholungen, neue Produktionen von Klangkunst, Ver\u00f6ffentlichungen und Auszeichnungen.\" \/>\n<meta property=\"og:url\" content=\"https:\/\/goetz-naleppa.de\/en\/aktuell\/\" \/>\n<meta property=\"og:site_name\" content=\"G\u00f6tz Naleppa\" \/>\n<meta property=\"article:modified_time\" content=\"2026-04-07T14:39:01+00:00\" \/>\n<meta property=\"og:image\" content=\"https:\/\/goetz-naleppa.de\/?brizy_media=wp-9ecba0a4d82a7222906fb9d29ee1b9d5&amp;brizy_crop=iW%3D1023%26iH%3D71%26oX%3D0%26oY%3D2%26cW%3D1023%26cH%3D67\" \/>\n<meta name=\"twitter:card\" content=\"summary_large_image\" \/>\n<script type=\"application\/ld+json\" class=\"yoast-schema-graph\">{\"@context\":\"https:\\\/\\\/schema.org\",\"@graph\":[{\"@type\":\"WebPage\",\"@id\":\"https:\\\/\\\/goetz-naleppa.de\\\/aktuell\\\/\",\"url\":\"https:\\\/\\\/goetz-naleppa.de\\\/aktuell\\\/\",\"name\":\"Aktuell - G\u00f6tz Naleppa\",\"isPartOf\":{\"@id\":\"https:\\\/\\\/goetz-naleppa.de\\\/#website\"},\"primaryImageOfPage\":{\"@id\":\"https:\\\/\\\/goetz-naleppa.de\\\/aktuell\\\/#primaryimage\"},\"image\":{\"@id\":\"https:\\\/\\\/goetz-naleppa.de\\\/aktuell\\\/#primaryimage\"},\"thumbnailUrl\":\"https:\\\/\\\/goetz-naleppa.de\\\/?brizy_media=wp-9ecba0a4d82a7222906fb9d29ee1b9d5&amp;brizy_crop=iW%3D1023%26iH%3D71%26oX%3D0%26oY%3D2%26cW%3D1023%26cH%3D67\",\"datePublished\":\"2019-12-24T19:22:03+00:00\",\"dateModified\":\"2026-04-07T14:39:01+00:00\",\"description\":\"Aktuelle Nachrichten \u00fcber Sendungen von G\u00f6tz Naleppa: H\u00f6rspielpremieren, Wiederholungen, neue Produktionen von Klangkunst, Ver\u00f6ffentlichungen und Auszeichnungen.\",\"inLanguage\":\"en-GB\",\"potentialAction\":[{\"@type\":\"ReadAction\",\"target\":[\"https:\\\/\\\/goetz-naleppa.de\\\/aktuell\\\/\"]}]},{\"@type\":\"ImageObject\",\"inLanguage\":\"en-GB\",\"@id\":\"https:\\\/\\\/goetz-naleppa.de\\\/aktuell\\\/#primaryimage\",\"url\":\"https:\\\/\\\/goetz-naleppa.de\\\/?brizy_media=wp-9ecba0a4d82a7222906fb9d29ee1b9d5&amp;brizy_crop=iW%3D1023%26iH%3D71%26oX%3D0%26oY%3D2%26cW%3D1023%26cH%3D67\",\"contentUrl\":\"https:\\\/\\\/goetz-naleppa.de\\\/?brizy_media=wp-9ecba0a4d82a7222906fb9d29ee1b9d5&amp;brizy_crop=iW%3D1023%26iH%3D71%26oX%3D0%26oY%3D2%26cW%3D1023%26cH%3D67\"},{\"@type\":\"WebSite\",\"@id\":\"https:\\\/\\\/goetz-naleppa.de\\\/#website\",\"url\":\"https:\\\/\\\/goetz-naleppa.de\\\/\",\"name\":\"G\u00f6tz Naleppa\",\"description\":\"Regisseur und Klangkomponist\",\"potentialAction\":[{\"@type\":\"SearchAction\",\"target\":{\"@type\":\"EntryPoint\",\"urlTemplate\":\"https:\\\/\\\/goetz-naleppa.de\\\/?s={search_term_string}\"},\"query-input\":{\"@type\":\"PropertyValueSpecification\",\"valueRequired\":true,\"valueName\":\"search_term_string\"}}],\"inLanguage\":\"en-GB\"}]}<\/script>\n<!-- \/ Yoast SEO plugin. -->","yoast_head_json":{"title":"Current - G\u00f6tz Naleppa","description":"Current news about programmes by G\u00f6tz Naleppa: radio play premieres, reruns, new productions of sound art, publications and awards.","robots":{"index":"index","follow":"follow","max-snippet":"max-snippet:-1","max-image-preview":"max-image-preview:large","max-video-preview":"max-video-preview:-1"},"canonical":"https:\/\/goetz-naleppa.de\/en\/aktuell\/","og_locale":"en_GB","og_type":"article","og_title":"Aktuell - G\u00f6tz Naleppa","og_description":"Aktuelle Nachrichten \u00fcber Sendungen von G\u00f6tz Naleppa: H\u00f6rspielpremieren, Wiederholungen, neue Produktionen von Klangkunst, Ver\u00f6ffentlichungen und Auszeichnungen.","og_url":"https:\/\/goetz-naleppa.de\/en\/aktuell\/","og_site_name":"G\u00f6tz Naleppa","article_modified_time":"2026-04-07T14:39:01+00:00","og_image":[{"url":"https:\/\/goetz-naleppa.de\/?brizy_media=wp-9ecba0a4d82a7222906fb9d29ee1b9d5&amp;brizy_crop=iW%3D1023%26iH%3D71%26oX%3D0%26oY%3D2%26cW%3D1023%26cH%3D67","type":"","width":"","height":""}],"twitter_card":"summary_large_image","schema":{"@context":"https:\/\/schema.org","@graph":[{"@type":"WebPage","@id":"https:\/\/goetz-naleppa.de\/aktuell\/","url":"https:\/\/goetz-naleppa.de\/aktuell\/","name":"Current - G\u00f6tz Naleppa","isPartOf":{"@id":"https:\/\/goetz-naleppa.de\/#website"},"primaryImageOfPage":{"@id":"https:\/\/goetz-naleppa.de\/aktuell\/#primaryimage"},"image":{"@id":"https:\/\/goetz-naleppa.de\/aktuell\/#primaryimage"},"thumbnailUrl":"https:\/\/goetz-naleppa.de\/?brizy_media=wp-9ecba0a4d82a7222906fb9d29ee1b9d5&amp;brizy_crop=iW%3D1023%26iH%3D71%26oX%3D0%26oY%3D2%26cW%3D1023%26cH%3D67","datePublished":"2019-12-24T19:22:03+00:00","dateModified":"2026-04-07T14:39:01+00:00","description":"Current news about programmes by G\u00f6tz Naleppa: radio play premieres, reruns, new productions of sound art, publications and awards.","inLanguage":"en-GB","potentialAction":[{"@type":"ReadAction","target":["https:\/\/goetz-naleppa.de\/aktuell\/"]}]},{"@type":"ImageObject","inLanguage":"en-GB","@id":"https:\/\/goetz-naleppa.de\/aktuell\/#primaryimage","url":"https:\/\/goetz-naleppa.de\/?brizy_media=wp-9ecba0a4d82a7222906fb9d29ee1b9d5&amp;brizy_crop=iW%3D1023%26iH%3D71%26oX%3D0%26oY%3D2%26cW%3D1023%26cH%3D67","contentUrl":"https:\/\/goetz-naleppa.de\/?brizy_media=wp-9ecba0a4d82a7222906fb9d29ee1b9d5&amp;brizy_crop=iW%3D1023%26iH%3D71%26oX%3D0%26oY%3D2%26cW%3D1023%26cH%3D67"},{"@type":"WebSite","@id":"https:\/\/goetz-naleppa.de\/#website","url":"https:\/\/goetz-naleppa.de\/","name":"G\u00f6tz Naleppa","description":"Director and sound composer","potentialAction":[{"@type":"SearchAction","target":{"@type":"EntryPoint","urlTemplate":"https:\/\/goetz-naleppa.de\/?s={search_term_string}"},"query-input":{"@type":"PropertyValueSpecification","valueRequired":true,"valueName":"search_term_string"}}],"inLanguage":"en-GB"}]}},"brizy_media":[{"id":432,"url":"https:\/\/goetz-naleppa.de\/wp-content\/uploads\/2019\/12\/naleppa_top.gif","name":"naleppa_top.gif","meta":{"brizy_attachment_uid":"wp-55b102fd4e91c9c40f5b6814c417979c","brizy_post_uid":["7a2c544660845edafb9621efaacee799"]}},{"id":491,"url":"https:\/\/goetz-naleppa.de\/wp-content\/uploads\/2019\/12\/headerimage_kontakt.jpg","name":"headerimage_kontakt.jpg","meta":{"brizy_attachment_uid":"wp-1a1fcd3db8aa2b23b0cff851ca6e86bd","brizy_post_uid":["7a2c544660845edafb9621efaacee799","abdaaad3356f48c2a6fe8d209d20da32"]}},{"id":544,"url":"https:\/\/goetz-naleppa.de\/wp-content\/uploads\/2019\/12\/headerimage_vita.jpg","name":"headerimage_vita.jpg","meta":{"brizy_attachment_uid":"wp-30b266b96eb9baae9783428b51137cb3","brizy_post_uid":["7a2c544660845edafb9621efaacee799","0b4f6dab5594b2923196dd032fb0f6a6","c8ef23e9aaaa292d3e71694afde9a782","915ddc0bf5c07190f0e6820680746522"]}},{"id":578,"url":"https:\/\/goetz-naleppa.de\/wp-content\/uploads\/2019\/12\/headerimage_uebersetzung.jpg","name":"headerimage_translation.jpg","meta":{"brizy_attachment_uid":"wp-3dc16fbfe78a9e733c245926b39933d9","brizy_post_uid":["7a2c544660845edafb9621efaacee799","05f397ed59ea3be42d13ba82a0af765e","abdaaad3356f48c2a6fe8d209d20da32"]}},{"id":1041,"url":"https:\/\/goetz-naleppa.de\/wp-content\/uploads\/2019\/12\/headerimage_komposition.jpg","name":"headerimage_composition.jpg","meta":{"brizy_attachment_uid":"wp-36e10bf3f0feef5cc9e9100d9e0e6605","brizy_post_uid":["7a2c544660845edafb9621efaacee799","90c52be33dad099d83c526d607b3d934","afe4b98a534aab1c33ee1c489420507a"]}},{"id":1112,"url":"https:\/\/goetz-naleppa.de\/wp-content\/uploads\/2019\/12\/headerimage_redaktion.jpg","name":"headerimage_editorial.jpg","meta":{"brizy_attachment_uid":"wp-478cddbe489f4055f4566f8a39de1f72","brizy_post_uid":["7a2c544660845edafb9621efaacee799","cd19c827c2ac03d3f87a8d6928c4541a","abdaaad3356f48c2a6fe8d209d20da32"]}},{"id":1129,"url":"https:\/\/goetz-naleppa.de\/wp-content\/uploads\/2019\/12\/00_unerhoertes.jpg","name":"00_unerhoertes.jpg","meta":{"brizy_attachment_uid":"wp-a26a1819440245eef231c3b057671677","brizy_post_uid":["7a2c544660845edafb9621efaacee799"]}},{"id":1174,"url":"https:\/\/goetz-naleppa.de\/wp-content\/uploads\/2019\/12\/headerimage_aktuell.gif","name":"headerimage_actual.gif","meta":{"brizy_attachment_uid":"wp-9ecba0a4d82a7222906fb9d29ee1b9d5","brizy_post_uid":["7a2c544660845edafb9621efaacee799","abdaaad3356f48c2a6fe8d209d20da32"]}},{"id":1281,"url":"https:\/\/goetz-naleppa.de\/wp-content\/uploads\/2019\/12\/headerimage_regie.jpg","name":"headerimage_direction.jpg","meta":{"brizy_attachment_uid":"wp-9acabe56fca8338aac2296e1b0ed6e46","brizy_post_uid":["7a2c544660845edafb9621efaacee799","271d058b49f54a2cc6156be30c863a29","14a0218e38e22d6f8369c7fd5e7b3fab"]}},{"id":10001,"url":"https:\/\/goetz-naleppa.de\/wp-content\/uploads\/2020\/01\/Naleppa2a-scaled.jpg","name":"Naleppa2a.jpg","meta":{"brizy_attachment_uid":"wp-40a006e45a8145ac0bd2979bbf323d22","brizy_post_uid":["271d058b49f54a2cc6156be30c863a29","7a2c544660845edafb9621efaacee799"]}},{"id":10038,"url":"https:\/\/goetz-naleppa.de\/wp-content\/uploads\/2020\/01\/006_2002_Naleppa.jpg","name":"006_2002_Naleppa.jpg","meta":{"brizy_attachment_uid":"wp-1e3b2c87bd9f00d6121f64b27b0ff8ef","brizy_post_uid":["7a2c544660845edafb9621efaacee799"]}},{"id":10147,"url":"https:\/\/goetz-naleppa.de\/wp-content\/uploads\/2020\/01\/2010_1_Hans_Naleppa.jpg","name":"2010_1_Hans_Naleppa.jpg","meta":{"brizy_attachment_uid":"wp-e90348abb6c74c3943c2bccacf729ba1","brizy_post_uid":["7a2c544660845edafb9621efaacee799"]}},{"id":11045,"url":"https:\/\/goetz-naleppa.de\/wp-content\/uploads\/2020\/01\/Family-tree_eng.png","name":"Family-tree_eng.png","meta":{"brizy_attachment_uid":"wp-ad793eed1da42d0b253af81d1b72ceef","brizy_post_uid":["7a2c544660845edafb9621efaacee799"]}},{"id":11046,"url":"https:\/\/goetz-naleppa.de\/wp-content\/uploads\/2020\/01\/Genealogie_dt.png","name":"Genealogy_dt.png","meta":{"brizy_attachment_uid":"wp-e604b25102f9258c93e885ff028a24f1","brizy_post_uid":["7a2c544660845edafb9621efaacee799"]}},{"id":11047,"url":"https:\/\/goetz-naleppa.de\/wp-content\/uploads\/2020\/01\/Robinsonate.jpg","name":"Robinsonate.jpg","meta":{"brizy_attachment_uid":"wp-a7537348e7d5a0b9790f7fc47ebf8abb","brizy_post_uid":["7a2c544660845edafb9621efaacee799"]}},{"id":11063,"url":"https:\/\/goetz-naleppa.de\/wp-content\/uploads\/2020\/01\/Darkbirds2a.jpg","name":"Darkbirds2a.jpg","meta":{"brizy_attachment_uid":"wp-888632f35fa1404fac3dd4b5c6987028","brizy_post_uid":["7a2c544660845edafb9621efaacee799"]}},{"id":11739,"url":"https:\/\/goetz-naleppa.de\/wp-content\/uploads\/2020\/01\/Heilbronner-Stimme-3.12.12.png","name":"Heilbronner-Stimme-3.12.12.png","meta":{"brizy_attachment_uid":"wp-a8b9f194e30bd029a63d2b99dbcdd46d","brizy_post_uid":["7a2c544660845edafb9621efaacee799"]}},{"id":11745,"url":"https:\/\/goetz-naleppa.de\/wp-content\/uploads\/2020\/01\/Kritik-Blutstein.png","name":"Criticism-Bloodstone.png","meta":{"brizy_attachment_uid":"wp-73495c92987c119024ffd16ff7c3efdf","brizy_post_uid":["7a2c544660845edafb9621efaacee799"]}},{"id":11766,"url":"https:\/\/goetz-naleppa.de\/wp-content\/uploads\/2020\/01\/Kritik_Oeland.jpg","name":"Criticism_Oeland.jpg","meta":{"brizy_attachment_uid":"wp-5a563eddc21443e7f6b41fca6dccb521","brizy_post_uid":["7a2c544660845edafb9621efaacee799"]}},{"id":11776,"url":"https:\/\/goetz-naleppa.de\/wp-content\/uploads\/2020\/01\/hannoversche.jpg","name":"hannoversche.jpg","meta":{"brizy_attachment_uid":"wp-aee11cc29fe306eb88a0420ca83888c9","brizy_post_uid":["7a2c544660845edafb9621efaacee799"]}},{"id":11777,"url":"https:\/\/goetz-naleppa.de\/wp-content\/uploads\/2020\/01\/saechsische.jpg","name":"saechsische.jpg","meta":{"brizy_attachment_uid":"wp-6accbb9ee52417efc75cfe5643c5e29a","brizy_post_uid":["7a2c544660845edafb9621efaacee799"]}},{"id":17735,"url":"https:\/\/goetz-naleppa.de\/wp-content\/uploads\/2020\/02\/Prino-Tal-von-Villa-Talla-scaled.jpg","name":"Prino-Valley-of-Villa-Talla.jpg","meta":{"brizy_attachment_uid":"wp-29e41c08b57202f913091b2681601cab.jpg","brizy_post_uid":["7a2c544660845edafb9621efaacee799"]}},{"id":37613,"url":"https:\/\/goetz-naleppa.de\/wp-content\/uploads\/2020\/11\/naleppa_only.png","name":"naleppa_only.png","meta":{"brizy_attachment_uid":"wp-c66726cce48d0ca0d878525e8ee976ba.png","brizy_post_uid":["7a2c544660845edafb9621efaacee799"]}},{"id":45506,"url":"https:\/\/goetz-naleppa.de\/wp-content\/uploads\/2022\/02\/IMG_3291c-scaled.jpg","name":"IMG_3291c.jpg","meta":{"brizy_attachment_uid":"wp-9d24301c77b1a5843ed073c951372e1e.jpg","brizy_post_uid":["7a2c544660845edafb9621efaacee799"]}},{"id":45660,"url":"https:\/\/goetz-naleppa.de\/wp-content\/uploads\/2022\/02\/Naleppa_Pass_DxO-scaled.jpg","name":"Naleppa_Pass_DxO.jpg","meta":{"brizy_attachment_uid":"wp-9127d1e08f2061a10c92f73846708184.jpg","brizy_post_uid":["wp-9127d1e08f2061a10c92f73846708184.jpg","7a2c544660845edafb9621efaacee799"]}},{"id":47253,"url":"https:\/\/goetz-naleppa.de\/wp-content\/uploads\/2023\/10\/Naleppa_Olivo.jpg","name":"Naleppa_Olivo.jpg","meta":{"brizy_attachment_uid":"wp-fc11f53e1865f8156f397198baa86553.jpg","brizy_post_uid":["7a2c544660845edafb9621efaacee799"]}}],"_links":{"self":[{"href":"https:\/\/goetz-naleppa.de\/en\/wp-json\/wp\/v2\/pages\/1165","targetHints":{"allow":["GET"]}}],"collection":[{"href":"https:\/\/goetz-naleppa.de\/en\/wp-json\/wp\/v2\/pages"}],"about":[{"href":"https:\/\/goetz-naleppa.de\/en\/wp-json\/wp\/v2\/types\/page"}],"author":[{"embeddable":true,"href":"https:\/\/goetz-naleppa.de\/en\/wp-json\/wp\/v2\/users\/1"}],"replies":[{"embeddable":true,"href":"https:\/\/goetz-naleppa.de\/en\/wp-json\/wp\/v2\/comments?post=1165"}],"version-history":[{"count":16,"href":"https:\/\/goetz-naleppa.de\/en\/wp-json\/wp\/v2\/pages\/1165\/revisions"}],"predecessor-version":[{"id":47285,"href":"https:\/\/goetz-naleppa.de\/en\/wp-json\/wp\/v2\/pages\/1165\/revisions\/47285"}],"wp:attachment":[{"href":"https:\/\/goetz-naleppa.de\/en\/wp-json\/wp\/v2\/media?parent=1165"}],"curies":[{"name":"wp","href":"https:\/\/api.w.org\/{rel}","templated":true}]}}