{"id":2,"date":"2019-10-29T00:56:02","date_gmt":"2019-10-28T23:56:02","guid":{"rendered":"https:\/\/goetz-naleppa.de\/?page_id=2"},"modified":"2026-04-07T16:38:49","modified_gmt":"2026-04-07T14:38:49","slug":"goetz-naleppa","status":"publish","type":"page","link":"https:\/\/goetz-naleppa.de\/en\/","title":{"rendered":"G\u00f6tz Naleppa"},"content":{"rendered":"<div class=\"brz-root__container brz-reset-all brz\">\n<section id=\"_zeafzfhmvsmubjjiycwgzedlwvjgwvlaumoe\" class=\"brz-section brz-css-sGpCM\">\n<div class=\"brz-section__content brz-section--boxed brz-css-eiU32 brz-css-bhQd2\" data-brz-custom-id=\"mwhftemgltoasodkpnuuwcgomcvztwgfpkwz\">\n<div class=\"brz-bg\">\n<div class=\"brz-bg-color\"><\/div>\n<\/div>\n<div class=\"brz-container brz-css-cdv85 brz-css-w1wXf\">\n<div class=\"brz-row__container brz-css-zs5So\" data-brz-custom-id=\"hcaiqzvjwxrfzvhjnvhutmpaypzwgxsoebta\">\n<div class=\"brz-bg\"><\/div>\n<div class=\"brz-row brz-css-igz5X brz-css-nQ57I\">\n<div class=\"brz-columns brz-css-gwc3Y brz-css-zrs72\" data-brz-custom-id=\"zqmlylluvjagtkltdfihpvegxcvykkljmfmk\">\n<div class=\"brz-bg\"><\/div>\n<div class=\"brz-column__items brz-css-umU0s brz-css-uKtQM\">\n<div id=\"\" class=\"brz-css-fcEbh brz-css-rOPrQ brz-wrapper\">\n<div class=\"brz-image brz-css-hrBz0\" data-brz-custom-id=\"zhzxseoayxonlxmvesnlokrzztsqtstgyjlv\"><img decoding=\"async\" class=\"brz-img brz-img-svg\" src=\"https:\/\/goetz-naleppa.de\/wp-content\/uploads\/2019\/10\/indeximage_main.gif\" alt=\"\" loading=\"lazy\"><\/div>\n<\/div>\n<\/div>\n<\/div>\n<\/div>\n<\/div>\n<\/div>\n<\/div>\n<\/section>\n<section id=\"_bagdntgxdaunnlvtlotvryvwxqpbcdaqefba\" class=\"brz-section brz-css-sGpCM\">\n<div class=\"brz-section__content brz-section--boxed brz-css-eiU32 brz-css-z6CAI\" data-brz-custom-id=\"pqzebytqhoexvqrmzioupcyjhshouddqnyhs\">\n<div class=\"brz-bg\">\n<div class=\"brz-bg-color\"><\/div>\n<\/div>\n<div class=\"brz-container brz-css-cdv85\">\n<div class=\"brz-row__container brz-css-zs5So\" data-brz-custom-id=\"hiklkpswakjncvjrgehjpaqiaartbqewafla\">\n<div class=\"brz-bg\"><\/div>\n<div class=\"brz-row brz-css-igz5X brz-css-nQ57I\">\n<div class=\"brz-columns brz-css-gwc3Y brz-css-qPlXA\" data-brz-custom-id=\"efiegiafdusrgyjeqmigigyxaamjccprxanv\">\n<div class=\"brz-bg\"><\/div>\n<div class=\"brz-column__items brz-css-umU0s\">\n<div id=\"\" class=\"brz-css-fcEbh brz-css-hJFpU brz-wrapper\">\n<div class=\"brz-rich-text brz-rich-text__custom brz-css-kffCs\" data-brz-custom-id=\"zzihrwbupyyvjgeglttkvyluuygmpeqdcouq\">\n<div data-brz-translate-text=\"1\">\n<p class=\"brz-fs-sm-im-42 brz-fs-lg-50 brz-fw-xs-im-300 brz-fw-sm-im-300 brz-fw-lg-300 brz-ft-google brz-ff-montserrat brz-ls-xs-im-m_1 brz-ls-sm-im-m_1 brz-ls-lg-m_1_5 brz-lh-xs-im-1_3 brz-lh-sm-im-1_2 brz-lh-lg-1_3 brz-text-lg-center brz-fs-xs-40 brz-css-bhKva\"><span class=\"brz-cp-color2\"><span>G\u00f6tz Naleppa<\/span><\/span><\/p>\n<\/div>\n<\/div>\n<\/div>\n<div id=\"\" class=\"brz-css-fcEbh brz-css-aNWuU brz-wrapper\">\n<div class=\"brz-rich-text brz-rich-text__custom brz-css-kffCs\" data-brz-custom-id=\"iqidaeeexubbuljnsszfkybazhfysnsqwzln\">\n<div data-brz-translate-text=\"1\">\n<p class=\"brz-fs-sm-im-30 brz-fs-lg-30 brz-fw-lg-300 brz-ft-google brz-ff-montserrat brz-ls-xs-im-0 brz-ls-sm-im-m_0_5 brz-ls-lg-m_0_5 brz-lh-xs-im-1_4 brz-lh-sm-im-1_4 brz-lh-lg-1_5 brz-fw-xs-300 brz-text-lg-center brz-fw-sm-300 brz-fs-xs-22 brz-css-mjkIw\"><span class=\"brz-cp-color2\"><span>Direction - Radio Art - Sound Composition - Radio Play<\/span><\/span><\/p>\n<\/div>\n<\/div>\n<\/div>\n<\/div>\n<\/div>\n<\/div>\n<\/div>\n<\/div>\n<\/div>\n<\/section>\n<section id=\"_rdhsefofojawopqvdxxhncfsuwacigymvzag\" class=\"brz-section brz-css-sGpCM\">\n<div class=\"brz-section__content brz-section--boxed brz-css-eiU32 brz-css-aY1lX\" data-brz-custom-id=\"zzmbeepdmmdqqxohwvjptqveqinlputakxsf\">\n<div class=\"brz-bg\">\n<div class=\"brz-bg-color\"><\/div>\n<\/div>\n<div class=\"brz-container brz-css-cdv85 brz-css-ifCHF\">\n<div class=\"brz-row__container brz-css-zs5So\" data-brz-custom-id=\"zblqnruwcscopcnfmvopxciknqaqzpubjvzs\">\n<div class=\"brz-bg\"><\/div>\n<div class=\"brz-row brz-css-igz5X brz-css-nQ57I\">\n<div class=\"brz-columns brz-css-gwc3Y brz-css-oFezY\" data-brz-custom-id=\"vrhovtkgkbpsqcrlyyoomwttmiaqhmoebrpi\">\n<div class=\"brz-bg\"><\/div>\n<div class=\"brz-column__items brz-css-umU0s\">\n<div id=\"\" class=\"brz-css-fcEbh brz-wrapper\">\n<div class=\"brz-rich-text brz-rich-text__custom brz-css-kffCs\" data-brz-custom-id=\"qeuhreiouziehcdasxppnazkojicwaxhjehm\">\n<div data-brz-translate-text=\"1\">\n<p class=\"brz-fs-sm-12 brz-fw-xs-im-700 brz-fw-sm-im-700 brz-fw-lg-700 brz-ft-google brz-ff-montserrat brz-ls-xs-im-0 brz-ls-sm-im-0 brz-ls-lg-0 brz-lh-xs-im-1_8 brz-lh-sm-im-1_7 brz-lh-lg-1_6 brz-fs-lg-16 brz-fs-xs-18 brz-css-iC9Ai\"><span class=\"brz-cp-color2\"><span>News<\/span><\/span><\/p>\n<\/div>\n<\/div>\n<\/div>\n<div id=\"\" class=\"brz-css-fcEbh brz-css-h2u5t brz-wrapper\">\n<div class=\"brz-image brz-css-uRJDp\" data-brz-custom-id=\"qfmbjnneqoudkpkswbivfzaxyaahoekqsbfo\"><img decoding=\"async\" class=\"brz-img brz-img-svg\" src=\"https:\/\/goetz-naleppa.de\/wp-content\/uploads\/2020\/01\/indeximage_aktuell_out-e1576688939336.gif\" alt=\"\" loading=\"lazy\"><\/div>\n<\/div>\n<\/div>\n<p><a class=\"brz-a brz-container-link\" href=\"aktuell\" target=\"_self\" rel=\"noopener\" data-brz-link-type=\"external\"><\/a><\/div>\n<div class=\"brz-columns brz-css-gwc3Y brz-css-yH7hz\" data-brz-custom-id=\"luwxtwqvmrzicmhayrvdxdnuozjvqluxwxob\">\n<div class=\"brz-bg\"><\/div>\n<div class=\"brz-column__items brz-css-umU0s\">\n<div id=\"\" class=\"brz-css-fcEbh brz-wrapper\">\n<div class=\"brz-rich-text brz-rich-text__custom brz-css-kffCs\" data-brz-custom-id=\"yhrcejjszrprruhbrzjdixwmfwsnzlmwqyfz\">\n<div data-brz-translate-text=\"1\">\n<p class=\"brz-fs-sm-12 brz-fw-xs-im-700 brz-fw-sm-im-700 brz-fw-lg-700 brz-ft-google brz-ff-montserrat brz-ls-xs-im-0 brz-ls-sm-im-0 brz-ls-lg-0 brz-lh-xs-im-1_8 brz-lh-sm-im-1_7 brz-lh-lg-1_6 brz-fs-lg-16 brz-fs-xs-18 brz-css-z6J4i\"><span class=\"brz-cp-color2\"><span>Radio plays<\/span><\/span><\/p>\n<\/div>\n<\/div>\n<\/div>\n<div id=\"\" class=\"brz-css-fcEbh brz-css-u0UGP brz-wrapper\">\n<div class=\"brz-image brz-css-mqDcI\" data-brz-custom-id=\"zjdluefydlxhjuplemymmqvoxdtvautjsnlt\"><img decoding=\"async\" class=\"brz-img brz-img-svg\" src=\"https:\/\/goetz-naleppa.de\/wp-content\/uploads\/2020\/01\/indeximage_regie_out-e1576688869306.gif\" alt=\"\" loading=\"lazy\"><\/div>\n<\/div>\n<\/div>\n<p><a class=\"brz-a brz-container-link\" href=\"hoerspielregie\" target=\"_self\" rel=\"noopener\" data-brz-link-type=\"external\"><\/a><\/div>\n<div class=\"brz-columns brz-css-gwc3Y brz-css-eRfH6\" data-brz-custom-id=\"zihwwypoxaqmfjqxzgadnmbvpwukazthamyl\">\n<div class=\"brz-bg\"><\/div>\n<div class=\"brz-column__items brz-css-umU0s\">\n<div id=\"\" class=\"brz-css-fcEbh brz-wrapper\">\n<div class=\"brz-rich-text brz-rich-text__custom brz-css-kffCs\" data-brz-custom-id=\"ubdjchmocipyleizvjfkxdcdlshqtrcqbbbv\">\n<div data-brz-translate-text=\"1\">\n<p class=\"brz-fs-sm-12 brz-fw-xs-im-700 brz-fw-sm-im-700 brz-fw-lg-700 brz-ft-google brz-ff-montserrat brz-ls-xs-im-0 brz-ls-sm-im-0 brz-ls-lg-0 brz-lh-xs-im-1_8 brz-lh-sm-im-1_7 brz-lh-lg-1_6 brz-fs-lg-16 brz-fs-xs-18 brz-css-iOagr\"><span class=\"brz-cp-color2\"><span>Sound composition<\/span><\/span><\/p>\n<\/div>\n<\/div>\n<\/div>\n<div id=\"\" class=\"brz-css-fcEbh brz-css-v8l2l brz-wrapper\">\n<div class=\"brz-image brz-css-fKMsX\" data-brz-custom-id=\"yqfwebdmltwqogbgmuofngkujeigdzznbmlm\"><img decoding=\"async\" class=\"brz-img brz-img-svg\" src=\"https:\/\/goetz-naleppa.de\/wp-content\/uploads\/2020\/01\/indeximage_komposition_out-e1576688956778.gif\" alt=\"\" loading=\"lazy\"><\/div>\n<\/div>\n<\/div>\n<p><a class=\"brz-a brz-container-link\" href=\"klangkomposition\" target=\"_self\" rel=\"noopener\" data-brz-link-type=\"external\"><\/a><\/div>\n<div class=\"brz-columns brz-css-gwc3Y brz-css-jCx3S\" data-brz-custom-id=\"egjnffldneqhiocsoybpzwhjpjfhimzunvab\">\n<div class=\"brz-bg\"><\/div>\n<div class=\"brz-column__items brz-css-umU0s\">\n<div id=\"\" class=\"brz-css-fcEbh brz-wrapper\">\n<div class=\"brz-rich-text brz-rich-text__custom brz-css-kffCs\" data-brz-custom-id=\"bowasriqdcmpzxagizwnzwkpdrrkqvhkihma\">\n<div data-brz-translate-text=\"1\">\n<p class=\"brz-fs-sm-12 brz-fw-xs-im-700 brz-fw-sm-im-700 brz-fw-lg-700 brz-ft-google brz-ff-montserrat brz-ls-xs-im-0 brz-ls-sm-im-0 brz-ls-lg-0 brz-lh-xs-im-1_8 brz-lh-sm-im-1_7 brz-lh-lg-1_6 brz-fs-lg-16 brz-fs-xs-18 brz-css-foVP8\"><span class=\"brz-cp-color2\"><span>Translation<\/span><\/span><\/p>\n<\/div>\n<\/div>\n<\/div>\n<div id=\"\" class=\"brz-css-fcEbh brz-css-yeqMo brz-wrapper\">\n<div class=\"brz-image brz-css-ouiRe\" data-brz-custom-id=\"venmszxtzfutaeygrcxixuwqatectwscgvtn\"><img decoding=\"async\" class=\"brz-img brz-img-svg\" src=\"https:\/\/goetz-naleppa.de\/wp-content\/uploads\/2020\/01\/indeximage_uebersetzung_over-e1576688851239.gif\" alt=\"\" loading=\"lazy\"><\/div>\n<\/div>\n<\/div>\n<p><a class=\"brz-a brz-container-link\" href=\"uebersetzung\" target=\"_self\" rel=\"noopener\" data-brz-link-type=\"external\"><\/a><\/div>\n<\/div>\n<\/div>\n<\/div>\n<\/div>\n<\/section>\n<section id=\"_uztajxocdzjfltyjoxounzcfxrieugsflbqz\" class=\"brz-section brz-css-sGpCM brz-css-yU4rI\">\n<div class=\"brz-section__content brz-section--boxed brz-css-eiU32 brz-css-odgkg\" data-brz-custom-id=\"yzsclbejznscqejzpvctqiewrlozsvfhybst\">\n<div class=\"brz-bg\">\n<div class=\"brz-bg-color\"><\/div>\n<\/div>\n<div class=\"brz-container brz-css-cdv85 brz-css-dw3cD\">\n<div class=\"brz-row__container brz-css-zs5So\" data-brz-custom-id=\"smimazsitnbsomjmwbmzaxxnkpsezmmwgpwv\">\n<div class=\"brz-bg\"><\/div>\n<div class=\"brz-row brz-css-igz5X brz-css-nQ57I\">\n<div class=\"brz-columns brz-css-gwc3Y brz-css-b6Ve4\" data-brz-custom-id=\"omlcawteffxncwmpfxxywpyuhljocdtvyyjq\">\n<div class=\"brz-bg\"><\/div>\n<div class=\"brz-column__items brz-css-umU0s\">\n<div id=\"\" class=\"brz-css-fcEbh brz-wrapper\">\n<div class=\"brz-rich-text brz-rich-text__custom brz-css-kffCs\" data-brz-custom-id=\"rethpczspmajozbcdtsswdsayntyeodehfnp\">\n<div data-brz-translate-text=\"1\">\n<p class=\"brz-fs-sm-12 brz-fw-xs-im-700 brz-fw-sm-im-700 brz-fw-lg-700 brz-ft-google brz-ff-montserrat brz-ls-xs-im-0 brz-ls-sm-im-0 brz-ls-lg-0 brz-lh-xs-im-1_8 brz-lh-sm-im-1_7 brz-lh-lg-1_6 brz-fs-lg-16 brz-fs-xs-18 brz-css-wjRq3\"><span class=\"brz-cp-color2\"><span>Vita<\/span><\/span><\/p>\n<\/div>\n<\/div>\n<\/div>\n<div id=\"\" class=\"brz-css-fcEbh brz-css-yUSN8 brz-wrapper\">\n<div class=\"brz-image brz-css-yUFEf\" data-brz-custom-id=\"mvcexjexbcrobhjegqtvuwgretfwvaldqjzy\"><img decoding=\"async\" class=\"brz-img brz-img-svg\" src=\"https:\/\/goetz-naleppa.de\/wp-content\/uploads\/2020\/01\/indeximage_vita_out-e1576689001867.gif\" alt=\"\" loading=\"lazy\"><\/div>\n<\/div>\n<\/div>\n<p><a class=\"brz-a brz-container-link\" href=\"vita\" target=\"_self\" rel=\"noopener\" data-brz-link-type=\"external\"><\/a><\/div>\n<div class=\"brz-columns brz-css-gwc3Y brz-css-uXXvN\" data-brz-custom-id=\"ptdcphzjqqithluhvldnjtggejptidvassak\">\n<div class=\"brz-bg\"><\/div>\n<div class=\"brz-column__items brz-css-umU0s\">\n<div id=\"\" class=\"brz-css-fcEbh brz-wrapper\">\n<div class=\"brz-rich-text brz-rich-text__custom brz-css-kffCs\" data-brz-custom-id=\"qtskqzxyjgdnclxeskissnuwebgzivaonvxr\">\n<div data-brz-translate-text=\"1\">\n<p class=\"brz-fs-sm-12 brz-fw-xs-im-700 brz-fw-sm-im-700 brz-fw-lg-700 brz-ft-google brz-ff-montserrat brz-ls-xs-im-0 brz-ls-sm-im-0 brz-ls-lg-0 brz-lh-xs-im-1_8 brz-lh-sm-im-1_7 brz-lh-lg-1_6 brz-fs-lg-16 brz-fs-xs-18 brz-css-jkku4\"><span class=\"brz-cp-color2\"><span>Editorial<\/span><\/span><\/p>\n<\/div>\n<\/div>\n<\/div>\n<div id=\"\" class=\"brz-css-fcEbh brz-css-pfySI brz-wrapper\">\n<div class=\"brz-image brz-css-aoz_5\" data-brz-custom-id=\"upjpgsiuesmntmioooqoenaikkdvrpezxdkj\"><img decoding=\"async\" class=\"brz-img brz-img-svg\" src=\"https:\/\/goetz-naleppa.de\/wp-content\/uploads\/2020\/01\/indeximage_redaktion_over-e1576688883164.gif\" alt=\"\" loading=\"lazy\"><\/div>\n<\/div>\n<\/div>\n<p><a class=\"brz-a brz-container-link\" href=\"redaktion\" target=\"_self\" rel=\"noopener\" data-brz-link-type=\"external\"><\/a><\/div>\n<div class=\"brz-columns brz-css-gwc3Y brz-css-y3Jb0\" data-brz-custom-id=\"pqxwcuziinsoeprcchbswjydpmffjczdvdik\">\n<div class=\"brz-bg\"><\/div>\n<div class=\"brz-column__items brz-css-umU0s\">\n<div id=\"\" class=\"brz-css-fcEbh brz-wrapper\">\n<div class=\"brz-rich-text brz-rich-text__custom brz-css-kffCs\" data-brz-custom-id=\"nobbsfjaevritetssejfwfldyphmrmjorenf\">\n<div data-brz-translate-text=\"1\">\n<p class=\"brz-fs-sm-12 brz-fw-xs-im-700 brz-fw-sm-im-700 brz-fw-lg-700 brz-ft-google brz-ff-montserrat brz-ls-xs-im-0 brz-ls-sm-im-0 brz-ls-lg-0 brz-lh-xs-im-1_8 brz-lh-sm-im-1_7 brz-lh-lg-1_6 brz-fs-lg-16 brz-fs-xs-18 brz-css-finPh\"><span class=\"brz-cp-color2\"><span>Contact \/ Imprint<\/span><\/span><\/p>\n<\/div>\n<\/div>\n<\/div>\n<div id=\"\" class=\"brz-css-fcEbh brz-css-xivi_ brz-wrapper\">\n<div class=\"brz-image brz-css-h2N9r\" data-brz-custom-id=\"rwlxphpancinuywmtrqrmmudkindvcjsljzm\"><img decoding=\"async\" class=\"brz-img brz-img-svg\" src=\"https:\/\/goetz-naleppa.de\/wp-content\/uploads\/2020\/01\/indeximage_kontakt_out-e1576690824762.gif\" alt=\"\" loading=\"lazy\"><\/div>\n<\/div>\n<\/div>\n<p><a class=\"brz-a brz-container-link\" href=\"kontakt\" target=\"_self\" rel=\"noopener\" data-brz-link-type=\"external\"><\/a><\/div>\n<div class=\"brz-columns brz-css-gwc3Y brz-css-nH_uc\" data-brz-custom-id=\"wllysdhepurwhtgilmtiqqlhuimcylvbeolm\">\n<div class=\"brz-bg\"><\/div>\n<div class=\"brz-column__items brz-css-umU0s\">\n<div id=\"\" class=\"brz-css-fcEbh brz-wrapper\">\n<div class=\"brz-rich-text brz-rich-text__custom brz-css-kffCs\" data-brz-custom-id=\"ezppwjvbzahpsdesbvcehruxrvefhyragihd\">\n<div data-brz-translate-text=\"1\">\n<p class=\"brz-fs-sm-12 brz-fw-xs-im-700 brz-fw-sm-im-700 brz-fw-lg-700 brz-ft-google brz-ff-montserrat brz-ls-xs-im-0 brz-ls-sm-im-0 brz-ls-lg-0 brz-lh-xs-im-1_8 brz-lh-sm-im-1_7 brz-lh-lg-1_6 brz-fs-lg-16 brz-fs-xs-18 brz-css-hSmZo\"><span class=\"brz-cp-color2\"><span>Private<\/span><\/span><\/p>\n<\/div>\n<\/div>\n<\/div>\n<div id=\"\" class=\"brz-css-fcEbh brz-css-nCURV brz-wrapper\">\n<div class=\"brz-image brz-css-xlGXr\" data-brz-custom-id=\"vtwzcpyavwjulcfoqwrzernnylcoysubdvia\"><img decoding=\"async\" class=\"brz-img brz-img-svg\" src=\"https:\/\/goetz-naleppa.de\/wp-content\/uploads\/2020\/01\/indeximage_privat_out-e1576688913905.gif\" alt=\"\" loading=\"lazy\"><\/div>\n<\/div>\n<\/div>\n<p><a class=\"brz-a brz-container-link\" href=\"privat\" target=\"_self\" rel=\"noopener\" data-brz-link-type=\"external\"><\/a><\/div>\n<\/div>\n<\/div>\n<\/div>\n<\/div>\n<\/section>\n<\/div>\n<p>    <!-- version:1736079941 --><\/p>","protected":false},"excerpt":{"rendered":"<p>G\u00f6tz Naleppa Regie \u2013 Radiokunst \u2013 Klangkomposition \u2013 H\u00f6rspiel Aktuell H\u00f6rspielregie Klangkomposition \u00dcbersetzung Vita Redaktion [&hellip;]<\/p>\n","protected":false},"author":1,"featured_media":0,"parent":0,"menu_order":0,"comment_status":"closed","ping_status":"closed","template":"brizy-blank-template.php","meta":{"ngg_post_thumbnail":0,"footnotes":""},"class_list":["post-2","page","type-page","status-publish","hentry"],"yoast_head":"<!-- This site is optimized with the Yoast SEO plugin v27.3 - https:\/\/yoast.com\/product\/yoast-seo-wordpress\/ -->\n<title>G\u00f6tz Naleppa - G\u00f6tz Naleppa<\/title>\n<meta name=\"description\" content=\"G\u00f6tz Naleppa, Regisseur und Klangkomponist. Bis 2008 bei Deutschlandradio H\u00f6rspiel, Radiokunst. Zahlreiche Preise f\u00fcr H\u00f6rspielinszenierungen und Klangkompositionen (Prix Italia, Gold Award New York Festival u.a.). Er geh\u00f6rt zu den bekanntesten und erfahrensten H\u00f6rspielregisseuren in Deutschland. Neben intensiver Arbeit mit dem Schauspieler ist die Musikalit\u00e4t der Gestaltung ein Kennzeichen f\u00fcr den Regiestil von G\u00f6tz Naleppa.\" \/>\n<meta name=\"robots\" content=\"index, follow, max-snippet:-1, max-image-preview:large, max-video-preview:-1\" \/>\n<link rel=\"canonical\" href=\"https:\/\/goetz-naleppa.de\/en\/\" \/>\n<meta property=\"og:locale\" content=\"en_GB\" \/>\n<meta property=\"og:type\" content=\"article\" \/>\n<meta property=\"og:title\" content=\"G\u00f6tz Naleppa - G\u00f6tz Naleppa\" \/>\n<meta property=\"og:description\" content=\"G\u00f6tz Naleppa, Regisseur und Klangkomponist. Bis 2008 bei Deutschlandradio H\u00f6rspiel, Radiokunst. Zahlreiche Preise f\u00fcr H\u00f6rspielinszenierungen und Klangkompositionen (Prix Italia, Gold Award New York Festival u.a.). Er geh\u00f6rt zu den bekanntesten und erfahrensten H\u00f6rspielregisseuren in Deutschland. Neben intensiver Arbeit mit dem Schauspieler ist die Musikalit\u00e4t der Gestaltung ein Kennzeichen f\u00fcr den Regiestil von G\u00f6tz Naleppa.\" \/>\n<meta property=\"og:url\" content=\"https:\/\/goetz-naleppa.de\/en\/\" \/>\n<meta property=\"og:site_name\" content=\"G\u00f6tz Naleppa\" \/>\n<meta property=\"article:modified_time\" content=\"2026-04-07T14:38:49+00:00\" \/>\n<meta property=\"og:image\" content=\"https:\/\/goetz-naleppa.de\/wp-content\/uploads\/2019\/10\/indeximage_main.gif\" \/>\n<meta name=\"twitter:card\" content=\"summary_large_image\" \/>\n<script type=\"application\/ld+json\" class=\"yoast-schema-graph\">{\"@context\":\"https:\\\/\\\/schema.org\",\"@graph\":[{\"@type\":\"WebPage\",\"@id\":\"https:\\\/\\\/goetz-naleppa.de\\\/\",\"url\":\"https:\\\/\\\/goetz-naleppa.de\\\/\",\"name\":\"G\u00f6tz Naleppa - G\u00f6tz Naleppa\",\"isPartOf\":{\"@id\":\"https:\\\/\\\/goetz-naleppa.de\\\/#website\"},\"primaryImageOfPage\":{\"@id\":\"https:\\\/\\\/goetz-naleppa.de\\\/#primaryimage\"},\"image\":{\"@id\":\"https:\\\/\\\/goetz-naleppa.de\\\/#primaryimage\"},\"thumbnailUrl\":\"https:\\\/\\\/goetz-naleppa.de\\\/wp-content\\\/uploads\\\/2019\\\/10\\\/indeximage_main.gif\",\"datePublished\":\"2019-10-28T23:56:02+00:00\",\"dateModified\":\"2026-04-07T14:38:49+00:00\",\"description\":\"G\u00f6tz Naleppa, Regisseur und Klangkomponist. Bis 2008 bei Deutschlandradio H\u00f6rspiel, Radiokunst. Zahlreiche Preise f\u00fcr H\u00f6rspielinszenierungen und Klangkompositionen (Prix Italia, Gold Award New York Festival u.a.). Er geh\u00f6rt zu den bekanntesten und erfahrensten H\u00f6rspielregisseuren in Deutschland. Neben intensiver Arbeit mit dem Schauspieler ist die Musikalit\u00e4t der Gestaltung ein Kennzeichen f\u00fcr den Regiestil von G\u00f6tz Naleppa.\",\"inLanguage\":\"en-GB\",\"potentialAction\":[{\"@type\":\"ReadAction\",\"target\":[\"https:\\\/\\\/goetz-naleppa.de\\\/\"]}]},{\"@type\":\"ImageObject\",\"inLanguage\":\"en-GB\",\"@id\":\"https:\\\/\\\/goetz-naleppa.de\\\/#primaryimage\",\"url\":\"https:\\\/\\\/goetz-naleppa.de\\\/wp-content\\\/uploads\\\/2019\\\/10\\\/indeximage_main.gif\",\"contentUrl\":\"https:\\\/\\\/goetz-naleppa.de\\\/wp-content\\\/uploads\\\/2019\\\/10\\\/indeximage_main.gif\"},{\"@type\":\"WebSite\",\"@id\":\"https:\\\/\\\/goetz-naleppa.de\\\/#website\",\"url\":\"https:\\\/\\\/goetz-naleppa.de\\\/\",\"name\":\"G\u00f6tz Naleppa\",\"description\":\"Regisseur und Klangkomponist\",\"potentialAction\":[{\"@type\":\"SearchAction\",\"target\":{\"@type\":\"EntryPoint\",\"urlTemplate\":\"https:\\\/\\\/goetz-naleppa.de\\\/?s={search_term_string}\"},\"query-input\":{\"@type\":\"PropertyValueSpecification\",\"valueRequired\":true,\"valueName\":\"search_term_string\"}}],\"inLanguage\":\"en-GB\"}]}<\/script>\n<!-- \/ Yoast SEO plugin. -->","yoast_head_json":{"title":"G\u00f6tz Naleppa - G\u00f6tz Naleppa","description":"G\u00f6tz Naleppa, director and sound composer. Until 2008 at Deutschlandradio Radio Drama, Radio Art. Numerous prizes for radio play productions and sound compositions (Prix Italia, Gold Award New York Festival, etc.). He is one of the best-known and most experienced radio play directors in Germany. In addition to intensive work with the actor, the musicality of the design is a hallmark of G\u00f6tz Naleppa's directing style.","robots":{"index":"index","follow":"follow","max-snippet":"max-snippet:-1","max-image-preview":"max-image-preview:large","max-video-preview":"max-video-preview:-1"},"canonical":"https:\/\/goetz-naleppa.de\/en\/","og_locale":"en_GB","og_type":"article","og_title":"G\u00f6tz Naleppa - G\u00f6tz Naleppa","og_description":"G\u00f6tz Naleppa, Regisseur und Klangkomponist. Bis 2008 bei Deutschlandradio H\u00f6rspiel, Radiokunst. Zahlreiche Preise f\u00fcr H\u00f6rspielinszenierungen und Klangkompositionen (Prix Italia, Gold Award New York Festival u.a.). Er geh\u00f6rt zu den bekanntesten und erfahrensten H\u00f6rspielregisseuren in Deutschland. Neben intensiver Arbeit mit dem Schauspieler ist die Musikalit\u00e4t der Gestaltung ein Kennzeichen f\u00fcr den Regiestil von G\u00f6tz Naleppa.","og_url":"https:\/\/goetz-naleppa.de\/en\/","og_site_name":"G\u00f6tz Naleppa","article_modified_time":"2026-04-07T14:38:49+00:00","og_image":[{"url":"https:\/\/goetz-naleppa.de\/wp-content\/uploads\/2019\/10\/indeximage_main.gif","type":"","width":"","height":""}],"twitter_card":"summary_large_image","schema":{"@context":"https:\/\/schema.org","@graph":[{"@type":"WebPage","@id":"https:\/\/goetz-naleppa.de\/","url":"https:\/\/goetz-naleppa.de\/","name":"G\u00f6tz Naleppa - G\u00f6tz Naleppa","isPartOf":{"@id":"https:\/\/goetz-naleppa.de\/#website"},"primaryImageOfPage":{"@id":"https:\/\/goetz-naleppa.de\/#primaryimage"},"image":{"@id":"https:\/\/goetz-naleppa.de\/#primaryimage"},"thumbnailUrl":"https:\/\/goetz-naleppa.de\/wp-content\/uploads\/2019\/10\/indeximage_main.gif","datePublished":"2019-10-28T23:56:02+00:00","dateModified":"2026-04-07T14:38:49+00:00","description":"G\u00f6tz Naleppa, director and sound composer. Until 2008 at Deutschlandradio Radio Drama, Radio Art. Numerous prizes for radio play productions and sound compositions (Prix Italia, Gold Award New York Festival, etc.). He is one of the best-known and most experienced radio play directors in Germany. In addition to intensive work with the actor, the musicality of the design is a hallmark of G\u00f6tz Naleppa's directing style.","inLanguage":"en-GB","potentialAction":[{"@type":"ReadAction","target":["https:\/\/goetz-naleppa.de\/"]}]},{"@type":"ImageObject","inLanguage":"en-GB","@id":"https:\/\/goetz-naleppa.de\/#primaryimage","url":"https:\/\/goetz-naleppa.de\/wp-content\/uploads\/2019\/10\/indeximage_main.gif","contentUrl":"https:\/\/goetz-naleppa.de\/wp-content\/uploads\/2019\/10\/indeximage_main.gif"},{"@type":"WebSite","@id":"https:\/\/goetz-naleppa.de\/#website","url":"https:\/\/goetz-naleppa.de\/","name":"G\u00f6tz Naleppa","description":"Director and sound composer","potentialAction":[{"@type":"SearchAction","target":{"@type":"EntryPoint","urlTemplate":"https:\/\/goetz-naleppa.de\/?s={search_term_string}"},"query-input":{"@type":"PropertyValueSpecification","valueRequired":true,"valueName":"search_term_string"}}],"inLanguage":"en-GB"}]}},"brizy_media":[{"id":16,"url":"https:\/\/goetz-naleppa.de\/wp-content\/uploads\/2019\/10\/indeximage_main.gif","name":"indeximage_main.gif","meta":{"brizy_attachment_uid":"wp-f5882a0d064eef9da0df0ffdebf52ee4","brizy_post_uid":["a82622ae8fd65fcddf2aa10aad3d659c","0b4f6dab5594b2923196dd032fb0f6a6"]}},{"id":544,"url":"https:\/\/goetz-naleppa.de\/wp-content\/uploads\/2019\/12\/headerimage_vita.jpg","name":"headerimage_vita.jpg","meta":{"brizy_attachment_uid":"wp-30b266b96eb9baae9783428b51137cb3","brizy_post_uid":["7a2c544660845edafb9621efaacee799","0b4f6dab5594b2923196dd032fb0f6a6","c8ef23e9aaaa292d3e71694afde9a782","915ddc0bf5c07190f0e6820680746522"]}},{"id":11273,"url":"https:\/\/goetz-naleppa.de\/wp-content\/uploads\/2020\/01\/headerimage_privat.jpg","name":"headerimage_private.jpg","meta":{"brizy_attachment_uid":"wp-0c72257b137f1c831fb0d193ef36f325","brizy_post_uid":["25fd477a7134e2bb4ecb89dc0e0125f7","a82622ae8fd65fcddf2aa10aad3d659c","0b4f6dab5594b2923196dd032fb0f6a6"]}},{"id":11473,"url":"https:\/\/goetz-naleppa.de\/wp-content\/uploads\/2020\/01\/indeximage_aktuell_out-e1576688939336.gif","name":"indeximage_aktuell_out-e1576688939336.gif","meta":{"brizy_attachment_uid":"wp-c6736ec4ae65b2bdcbcbb3a8aaad73b0","brizy_post_uid":["0b4f6dab5594b2923196dd032fb0f6a6"]}},{"id":11486,"url":"https:\/\/goetz-naleppa.de\/wp-content\/uploads\/2020\/01\/indeximage_regie_out-e1576688869306.gif","name":"indeximage_regie_out-e1576688869306.gif","meta":{"brizy_attachment_uid":"wp-c42f1f47495e7d3c31ca0f8f7c896d5a","brizy_post_uid":["0b4f6dab5594b2923196dd032fb0f6a6"]}},{"id":11491,"url":"https:\/\/goetz-naleppa.de\/wp-content\/uploads\/2020\/01\/indeximage_komposition_out-e1576688956778.gif","name":"indeximage_komposition_out-e1576688956778.gif","meta":{"brizy_attachment_uid":"wp-ff68f22030908dea89e092dee97f2a33","brizy_post_uid":["0b4f6dab5594b2923196dd032fb0f6a6"]}},{"id":11498,"url":"https:\/\/goetz-naleppa.de\/wp-content\/uploads\/2020\/01\/indeximage_uebersetzung_over-e1576688851239.gif","name":"indeximage_uebersetzung_over-e1576688851239.gif","meta":{"brizy_attachment_uid":"wp-d8644105a06cf9198b5666ccc1c6867c","brizy_post_uid":["0b4f6dab5594b2923196dd032fb0f6a6"]}},{"id":11546,"url":"https:\/\/goetz-naleppa.de\/wp-content\/uploads\/2020\/01\/indeximage_privat_out-e1576688913905.gif","name":"indeximage_privat_out-e1576688913905.gif","meta":{"brizy_attachment_uid":"wp-98c7761bfcb326935241d67026937782","brizy_post_uid":["0b4f6dab5594b2923196dd032fb0f6a6"]}},{"id":11547,"url":"https:\/\/goetz-naleppa.de\/wp-content\/uploads\/2020\/01\/indeximage_redaktion_over-e1576688883164.gif","name":"indeximage_redaktion_over-e1576688883164.gif","meta":{"brizy_attachment_uid":"wp-bbe4f311104c763ef5d95977670ff221","brizy_post_uid":["0b4f6dab5594b2923196dd032fb0f6a6"]}},{"id":11548,"url":"https:\/\/goetz-naleppa.de\/wp-content\/uploads\/2020\/01\/indeximage_vita_out-e1576689001867.gif","name":"indeximage_vita_out-e1576689001867.gif","meta":{"brizy_attachment_uid":"wp-293c4a38825c7a7d22713079289098cb","brizy_post_uid":["0b4f6dab5594b2923196dd032fb0f6a6"]}},{"id":11549,"url":"https:\/\/goetz-naleppa.de\/wp-content\/uploads\/2020\/01\/indeximage_kontakt_out-e1576690824762.gif","name":"indeximage_kontakt_out-e1576690824762.gif","meta":{"brizy_attachment_uid":"wp-521aeb38f219f6af60ef821dae4d4e70","brizy_post_uid":["0b4f6dab5594b2923196dd032fb0f6a6","abdaaad3356f48c2a6fe8d209d20da32"]}}],"_links":{"self":[{"href":"https:\/\/goetz-naleppa.de\/en\/wp-json\/wp\/v2\/pages\/2","targetHints":{"allow":["GET"]}}],"collection":[{"href":"https:\/\/goetz-naleppa.de\/en\/wp-json\/wp\/v2\/pages"}],"about":[{"href":"https:\/\/goetz-naleppa.de\/en\/wp-json\/wp\/v2\/types\/page"}],"author":[{"embeddable":true,"href":"https:\/\/goetz-naleppa.de\/en\/wp-json\/wp\/v2\/users\/1"}],"replies":[{"embeddable":true,"href":"https:\/\/goetz-naleppa.de\/en\/wp-json\/wp\/v2\/comments?post=2"}],"version-history":[{"count":2,"href":"https:\/\/goetz-naleppa.de\/en\/wp-json\/wp\/v2\/pages\/2\/revisions"}],"predecessor-version":[{"id":44972,"href":"https:\/\/goetz-naleppa.de\/en\/wp-json\/wp\/v2\/pages\/2\/revisions\/44972"}],"wp:attachment":[{"href":"https:\/\/goetz-naleppa.de\/en\/wp-json\/wp\/v2\/media?parent=2"}],"curies":[{"name":"wp","href":"https:\/\/api.w.org\/{rel}","templated":true}]}}